{"id":16639,"date":"2024-07-10T22:58:18","date_gmt":"2024-07-10T22:58:18","guid":{"rendered":"https:\/\/para-pharmacity.tn\/?product=daylong-sensitive-fld-50-regulateur-50ml"},"modified":"2024-07-12T11:42:43","modified_gmt":"2024-07-12T11:42:43","slug":"daylong-sensitive-fld-50-regulateur-50ml","status":"publish","type":"product","link":"https:\/\/para-pharmacity.tn\/?product=daylong-sensitive-fld-50-regulateur-50ml","title":{"rendered":"DAYLONG SENSITIVE FLD 50+ REGULATEUR 50ML"},"content":{"rendered":"<p><strong>DAYLONG FACE SENSITIVE SPF50+ FLUIDE REGULATEUR 50ML<\/strong><\/p>\n<p>DAYLONG FACE SENSITIVE SPF50+ FLUIDE REGULATEUR\u00a0est une protection solaire d\u00e9stin\u00e9e aux peaux mixtes \u00e0 grasse sensibles et r\u00e9actives.<\/p>\n<p>DAYLONG FACE SENSITIVE SPF50+ FLUIDE REGULATEUR offre une protection solaire quotidienne\u00a0haute tol\u00e9rance qui pr\u00e9vient le photovieillissement cutan\u00e9,\u00a0avec une action hydratante longue dur\u00e9e et un effet matifiant.<\/p>\n<p>DAYLONG FACE SENSITIVE r\u00e9gule le s\u00e9bum et lisse le grain de peau avec une texture ultra-l\u00e9g\u00e8re au toucher\u00a0sec.<\/p>\n<p>DAYLONG FACE SENSITIVE SPF50+ FLUIDE REGULATEUR\u00a0\u00a0poss\u00e8de les propri\u00e9t\u00e9s suivantes :<\/p>\n<ul>\n<li>Anti-UVA\/UVB : filtres photostables \u00e0 large spectre<\/li>\n<li>Antioxydant : complexe Celligent\u00ae (aide \u00e0 pr\u00e9venir le vieillissement cutan\u00e9 pr\u00e9matur\u00e9 : ridules, rides, t\u00e2ches) et les dommages cellulaires<\/li>\n<li>Anti-pollution<\/li>\n<\/ul>\n","protected":false},"excerpt":{"rendered":"<p>DAYLONG FACE SENSITIVE SPF50+ FLUIDE REGULATEUR 50ML DAYLONG FACE SENSITIVE SPF50+ FLUIDE REGULATEUR\u00a0est une protection solaire d\u00e9stin\u00e9e aux peaux mixtes<\/p>\n","protected":false},"featured_media":22531,"comment_status":"open","ping_status":"closed","template":"","meta":[],"product_cat":[20],"product_tag":[],"class_list":{"0":"post-16639","1":"product","2":"type-product","3":"status-publish","4":"has-post-thumbnail","6":"product_cat-accessories","8":"first","9":"instock","10":"shipping-taxable","11":"product-type-simple"},"jetpack_sharing_enabled":true,"_links":{"self":[{"href":"https:\/\/para-pharmacity.tn\/index.php?rest_route=\/wp\/v2\/product\/16639","targetHints":{"allow":["GET"]}}],"collection":[{"href":"https:\/\/para-pharmacity.tn\/index.php?rest_route=\/wp\/v2\/product"}],"about":[{"href":"https:\/\/para-pharmacity.tn\/index.php?rest_route=\/wp\/v2\/types\/product"}],"replies":[{"embeddable":true,"href":"https:\/\/para-pharmacity.tn\/index.php?rest_route=%2Fwp%2Fv2%2Fcomments&post=16639"}],"version-history":[{"count":2,"href":"https:\/\/para-pharmacity.tn\/index.php?rest_route=\/wp\/v2\/product\/16639\/revisions"}],"predecessor-version":[{"id":22533,"href":"https:\/\/para-pharmacity.tn\/index.php?rest_route=\/wp\/v2\/product\/16639\/revisions\/22533"}],"wp:featuredmedia":[{"embeddable":true,"href":"https:\/\/para-pharmacity.tn\/index.php?rest_route=\/wp\/v2\/media\/22531"}],"wp:attachment":[{"href":"https:\/\/para-pharmacity.tn\/index.php?rest_route=%2Fwp%2Fv2%2Fmedia&parent=16639"}],"wp:term":[{"taxonomy":"product_cat","embeddable":true,"href":"https:\/\/para-pharmacity.tn\/index.php?rest_route=%2Fwp%2Fv2%2Fproduct_cat&post=16639"},{"taxonomy":"product_tag","embeddable":true,"href":"https:\/\/para-pharmacity.tn\/index.php?rest_route=%2Fwp%2Fv2%2Fproduct_tag&post=16639"}],"curies":[{"name":"wp","href":"https:\/\/api.w.org\/{rel}","templated":true}]}}