{"id":16638,"date":"2024-07-10T22:58:18","date_gmt":"2024-07-10T22:58:18","guid":{"rendered":"https:\/\/para-pharmacity.tn\/?product=daylong-sens-fluide-spf-50-50-ml"},"modified":"2024-07-12T11:39:54","modified_gmt":"2024-07-12T11:39:54","slug":"daylong-sens-fluide-spf-50-50-ml","status":"publish","type":"product","link":"https:\/\/para-pharmacity.tn\/?product=daylong-sens-fluide-spf-50-50-ml","title":{"rendered":"DAYLONG SENS FLUIDE SPF 50+ 50 ML"},"content":{"rendered":"<div class=\"product-tabs\">\n<div class=\"std\">\n<p>fluide r\u00e9gulateur effet matifiant longue dur\u00e9e<br \/>\nPeau grasse ou \u00e0 tendance allergique au soleil<br \/>\nMulti protection contre les rayons UVA e UVB, anti-oxydante et anti-pollution<br \/>\nTr\u00e8s haute protection SPF50+<br \/>\nTest\u00e9 sous contr\u00f4le dermatologique<br \/>\n50ml<\/p>\n<p>Daylong Sensitive Face Fluide r\u00e9gulateur est une protection solaire quotidienne pour le visage.<br \/>\nSa texture ultra l\u00e9g\u00e8re matifie la peau et r\u00e9gule la production de s\u00e9bum pour une action anti-brillance.<\/p>\n<p>Le syst\u00e8me de filtre UV photostable de Daylong offre une protection UVA et UVB de haute performance, une protection cellulaire efficace et pr\u00e9vient le vieillissement cutan\u00e9 d\u00fb au soleil.<\/p>\n<\/div>\n<\/div>\n<div class=\"product-tabs\">\n<div class=\"title-border\">\n<h3 class=\"h2\">CONSEILS D&rsquo;UTILISATION<\/h3>\n<\/div>\n<div class=\"std\">\n<p>Avant l&rsquo;exposition au soleil, appliquer une quantit\u00e9 g\u00e9n\u00e9reuse de produit et bien faire p\u00e9n\u00e9trer.<br \/>\nEviter tout contact avec les yeux.<br \/>\nAppliquer plusieurs fois pour maintenir l&rsquo;efficacit\u00e9 de la protection solaire, notamment apr\u00e8s la baignade, apr\u00e8s vous \u00eatre s\u00e9ch\u00e9 et avoir transpir\u00e9.<br \/>\nL&rsquo;application de quantit\u00e9s trop faibles r\u00e9duit consid\u00e9rablement l&rsquo;effet de protection.<br \/>\nEviter le soleil en milieu de journ\u00e9e.<br \/>\nS&rsquo;exposer de mani\u00e8re excessive au soleil est dangereux pour la peau.<\/p>\n<\/div>\n<\/div>\n","protected":false},"excerpt":{"rendered":"<p>fluide r\u00e9gulateur effet matifiant longue dur\u00e9e Peau grasse ou \u00e0 tendance allergique au soleil Multi protection contre les rayons UVA<\/p>\n","protected":false},"featured_media":22529,"comment_status":"open","ping_status":"closed","template":"","meta":[],"product_cat":[20],"product_tag":[],"class_list":{"0":"post-16638","1":"product","2":"type-product","3":"status-publish","4":"has-post-thumbnail","6":"product_cat-accessories","8":"first","9":"instock","10":"shipping-taxable","11":"product-type-simple"},"jetpack_sharing_enabled":true,"_links":{"self":[{"href":"https:\/\/para-pharmacity.tn\/index.php?rest_route=\/wp\/v2\/product\/16638","targetHints":{"allow":["GET"]}}],"collection":[{"href":"https:\/\/para-pharmacity.tn\/index.php?rest_route=\/wp\/v2\/product"}],"about":[{"href":"https:\/\/para-pharmacity.tn\/index.php?rest_route=\/wp\/v2\/types\/product"}],"replies":[{"embeddable":true,"href":"https:\/\/para-pharmacity.tn\/index.php?rest_route=%2Fwp%2Fv2%2Fcomments&post=16638"}],"version-history":[{"count":1,"href":"https:\/\/para-pharmacity.tn\/index.php?rest_route=\/wp\/v2\/product\/16638\/revisions"}],"predecessor-version":[{"id":22530,"href":"https:\/\/para-pharmacity.tn\/index.php?rest_route=\/wp\/v2\/product\/16638\/revisions\/22530"}],"wp:featuredmedia":[{"embeddable":true,"href":"https:\/\/para-pharmacity.tn\/index.php?rest_route=\/wp\/v2\/media\/22529"}],"wp:attachment":[{"href":"https:\/\/para-pharmacity.tn\/index.php?rest_route=%2Fwp%2Fv2%2Fmedia&parent=16638"}],"wp:term":[{"taxonomy":"product_cat","embeddable":true,"href":"https:\/\/para-pharmacity.tn\/index.php?rest_route=%2Fwp%2Fv2%2Fproduct_cat&post=16638"},{"taxonomy":"product_tag","embeddable":true,"href":"https:\/\/para-pharmacity.tn\/index.php?rest_route=%2Fwp%2Fv2%2Fproduct_tag&post=16638"}],"curies":[{"name":"wp","href":"https:\/\/api.w.org\/{rel}","templated":true}]}}