{"id":16631,"date":"2024-07-10T22:58:16","date_gmt":"2024-07-10T22:58:16","guid":{"rendered":"https:\/\/para-pharmacity.tn\/?product=daylong-extreme-100ml"},"modified":"2024-07-12T11:18:03","modified_gmt":"2024-07-12T11:18:03","slug":"daylong-extreme-100ml","status":"publish","type":"product","link":"https:\/\/para-pharmacity.tn\/?product=daylong-extreme-100ml","title":{"rendered":"DAYLONG EXTREME 100ML"},"content":{"rendered":"<p>Tr\u00e8s haute protection SPF 50+ avec filtres photostables \u00e0\u00a0<b>large spectre contre les UVA\/UVB<\/b><br \/>\nFormulation liposomale unique acheminant les filtres solaires l\u00e0 o\u00f9 ils doivent agir, au c\u0153ur de la couche superficielle de l\u2019\u00e9piderme, pour une protection longue dur\u00e9e<br \/>\nAide \u00e0 pr\u00e9venir les dommages cellulaires et le vieillissement cutan\u00e9 pr\u00e9matur\u00e9 induits par les UVA, UVB et infra-rouges (IR)<br \/>\nHydrate et nourrit la peau gr\u00e2ce \u00e0 l&rsquo;aloe vera et \u00e0 la vitamine E<br \/>\nHaute tol\u00e9rance : hypoallerg\u00e9nique, sans parfum, sans paraben, sans octocryl\u00e8ne, non com\u00e9dog\u00e8ne. Test\u00e9 sous contr\u00f4le dermatologique<\/p>\n<p>Gr\u00e2ce \u00e0 la technologie liposomale, Daylong extr\u00eame lait SPF 50+ offre un plaisir d\u2019utilisation exceptionnel :<br \/>\nTexture velout\u00e9e lait, non grasse, sans effet collant<br \/>\nFacile \u00e0 \u00e9taler : p\u00e9n\u00e9tration rapide avec une r\u00e9partition homog\u00e8ne<br \/>\nExtr\u00eamement r\u00e9sistant \u00e0 l&rsquo;eau et \u00e0 la transpiration pour une protection longue tenue<br \/>\nSans traces blanches. Ne pique pas les yeux. Id\u00e9al pour les activit\u00e9s sportives et aquatiques<\/p>\n","protected":false},"excerpt":{"rendered":"<p>Tr\u00e8s haute protection SPF 50+ avec filtres photostables \u00e0\u00a0large spectre contre les UVA\/UVB Formulation liposomale unique acheminant les filtres solaires<\/p>\n","protected":false},"featured_media":22513,"comment_status":"open","ping_status":"closed","template":"","meta":[],"product_cat":[20],"product_tag":[],"class_list":{"0":"post-16631","1":"product","2":"type-product","3":"status-publish","4":"has-post-thumbnail","6":"product_cat-accessories","8":"first","9":"instock","10":"shipping-taxable","11":"product-type-simple"},"jetpack_sharing_enabled":true,"_links":{"self":[{"href":"https:\/\/para-pharmacity.tn\/index.php?rest_route=\/wp\/v2\/product\/16631","targetHints":{"allow":["GET"]}}],"collection":[{"href":"https:\/\/para-pharmacity.tn\/index.php?rest_route=\/wp\/v2\/product"}],"about":[{"href":"https:\/\/para-pharmacity.tn\/index.php?rest_route=\/wp\/v2\/types\/product"}],"replies":[{"embeddable":true,"href":"https:\/\/para-pharmacity.tn\/index.php?rest_route=%2Fwp%2Fv2%2Fcomments&post=16631"}],"version-history":[{"count":1,"href":"https:\/\/para-pharmacity.tn\/index.php?rest_route=\/wp\/v2\/product\/16631\/revisions"}],"predecessor-version":[{"id":22514,"href":"https:\/\/para-pharmacity.tn\/index.php?rest_route=\/wp\/v2\/product\/16631\/revisions\/22514"}],"wp:featuredmedia":[{"embeddable":true,"href":"https:\/\/para-pharmacity.tn\/index.php?rest_route=\/wp\/v2\/media\/22513"}],"wp:attachment":[{"href":"https:\/\/para-pharmacity.tn\/index.php?rest_route=%2Fwp%2Fv2%2Fmedia&parent=16631"}],"wp:term":[{"taxonomy":"product_cat","embeddable":true,"href":"https:\/\/para-pharmacity.tn\/index.php?rest_route=%2Fwp%2Fv2%2Fproduct_cat&post=16631"},{"taxonomy":"product_tag","embeddable":true,"href":"https:\/\/para-pharmacity.tn\/index.php?rest_route=%2Fwp%2Fv2%2Fproduct_tag&post=16631"}],"curies":[{"name":"wp","href":"https:\/\/api.w.org\/{rel}","templated":true}]}}