{"id":16630,"date":"2024-07-10T22:58:16","date_gmt":"2024-07-10T22:58:16","guid":{"rendered":"https:\/\/para-pharmacity.tn\/?product=daylong-baby-spf-30"},"modified":"2024-07-12T11:15:36","modified_gmt":"2024-07-12T11:15:36","slug":"daylong-baby-spf-30","status":"publish","type":"product","link":"https:\/\/para-pharmacity.tn\/?product=daylong-baby-spf-30","title":{"rendered":"DAYLONG BABY SPF 30"},"content":{"rendered":"<ul>\n<li>Convient aux enfants d\u00e8s 6 mois<\/li>\n<li>P\u00e9n\u00e9tration rapide avec protection imm\u00e9diate<\/li>\n<li>Filtres \u00e0 large spectre prot\u00e9geant contre les rayons\u00a0UVA, UVB et infrarouges<\/li>\n<li>R\u00e9partition homog\u00e8ne des filtres\u00a0UV gr\u00e2ce \u00e0 la formulation liposomale<\/li>\n<li>Apporte 24\u00a0heures d\u2019hydratation gr\u00e2ce \u00e0 l\u2019aloe vera et \u00e0 la glyc\u00e9rine<\/li>\n<li>Aide la peau \u00e0 se r\u00e9g\u00e9n\u00e9rer gr\u00e2ce au dexpanth\u00e9nol<\/li>\n<li>Extra-r\u00e9sistant \u00e0 l\u2019eau, test\u00e9 en eau douce et en eau sal\u00e9e<\/li>\n<li>R\u00e9sistant \u00e0 la transpiration<\/li>\n<li>Non com\u00e9dog\u00e8ne (ne bouche pas les pores)<\/li>\n<li>Test\u00e9 sous contr\u00f4le dermatologique<\/li>\n<li><span lang=\"FR\">Sans parfum<\/span><\/li>\n<\/ul>\n","protected":false},"excerpt":{"rendered":"<p>Convient aux enfants d\u00e8s 6 mois P\u00e9n\u00e9tration rapide avec protection imm\u00e9diate Filtres \u00e0 large spectre prot\u00e9geant contre les rayons\u00a0UVA, UVB<\/p>\n","protected":false},"featured_media":22510,"comment_status":"open","ping_status":"closed","template":"","meta":[],"product_cat":[20],"product_tag":[],"class_list":{"0":"post-16630","1":"product","2":"type-product","3":"status-publish","4":"has-post-thumbnail","6":"product_cat-accessories","8":"first","9":"instock","10":"shipping-taxable","11":"product-type-simple"},"jetpack_sharing_enabled":true,"_links":{"self":[{"href":"https:\/\/para-pharmacity.tn\/index.php?rest_route=\/wp\/v2\/product\/16630","targetHints":{"allow":["GET"]}}],"collection":[{"href":"https:\/\/para-pharmacity.tn\/index.php?rest_route=\/wp\/v2\/product"}],"about":[{"href":"https:\/\/para-pharmacity.tn\/index.php?rest_route=\/wp\/v2\/types\/product"}],"replies":[{"embeddable":true,"href":"https:\/\/para-pharmacity.tn\/index.php?rest_route=%2Fwp%2Fv2%2Fcomments&post=16630"}],"version-history":[{"count":2,"href":"https:\/\/para-pharmacity.tn\/index.php?rest_route=\/wp\/v2\/product\/16630\/revisions"}],"predecessor-version":[{"id":22512,"href":"https:\/\/para-pharmacity.tn\/index.php?rest_route=\/wp\/v2\/product\/16630\/revisions\/22512"}],"wp:featuredmedia":[{"embeddable":true,"href":"https:\/\/para-pharmacity.tn\/index.php?rest_route=\/wp\/v2\/media\/22510"}],"wp:attachment":[{"href":"https:\/\/para-pharmacity.tn\/index.php?rest_route=%2Fwp%2Fv2%2Fmedia&parent=16630"}],"wp:term":[{"taxonomy":"product_cat","embeddable":true,"href":"https:\/\/para-pharmacity.tn\/index.php?rest_route=%2Fwp%2Fv2%2Fproduct_cat&post=16630"},{"taxonomy":"product_tag","embeddable":true,"href":"https:\/\/para-pharmacity.tn\/index.php?rest_route=%2Fwp%2Fv2%2Fproduct_tag&post=16630"}],"curies":[{"name":"wp","href":"https:\/\/api.w.org\/{rel}","templated":true}]}}