{"id":16629,"date":"2024-07-10T22:58:15","date_gmt":"2024-07-10T22:58:15","guid":{"rendered":"https:\/\/para-pharmacity.tn\/?product=daylong-actinica-baume-doux"},"modified":"2024-07-12T10:33:04","modified_gmt":"2024-07-12T10:33:04","slug":"daylong-actinica-baume-doux","status":"publish","type":"product","link":"https:\/\/para-pharmacity.tn\/?product=daylong-actinica-baume-doux","title":{"rendered":"DAYLONG ACTINICA BAUME DOUX"},"content":{"rendered":"<table width=\"802\">\n<tbody>\n<tr>\n<td><strong>Produit<\/strong><\/td>\n<td>\n<ul>\n<li>Actinica Lipbalm Baume Doux SPF 50+ 8 ml\u00a0est un soin transparent discr\u00e8tement parfum\u00e9, pour les l\u00e8vres.<\/li>\n<\/ul>\n<ul>\n<li>Il prot\u00e8ge efficacement des UVA et UVB gr\u00e2ce \u00e0 des filtres UV photostables con\u00e7us pour les l\u00e8vres sensibles.<\/li>\n<\/ul>\n<ul>\n<li>Riche en lipides et facile \u00e0 \u00e9taler, il soigne les l\u00e8vres les plus s\u00e8ches et sensibles.<\/li>\n<\/ul>\n<\/td>\n<\/tr>\n<tr>\n<td><strong>Marque<\/strong><\/td>\n<td>\u00a0Actinica<\/td>\n<\/tr>\n<tr>\n<td><strong>Formule<\/strong><\/td>\n<td>Caprylic\/Capric Triglyceride, Diethylamino Hydroxybenzoyl Hexyl Benzoate, C 10-18 Triglycerides, Ethylhexyl Methoxycinnamate, Dibutyl Adipate, C12-15 Alkyl Benzoate, Dicaprylyl Carbonate, Bis-Ethylhexyloxyphenol Methoxyphenyl Triazine, Glyceryl Stearate, Cocos Nucifera Oil, Glyceryl Behenate, Ethylhexyl Triazone, Hydrogenated Castor Oil, Tocopherol, Parfum, Ascrobyl Palmitate, BHT, Stevioside<\/td>\n<\/tr>\n<tr>\n<td><strong>Application<\/strong><\/td>\n<td>Appliquer plusieurs fois par jour avant l&rsquo;exposition et r\u00e9-appliquer aussi souvent que souhait\u00e9.<\/td>\n<\/tr>\n<\/tbody>\n<\/table>\n","protected":false},"excerpt":{"rendered":"<p>Produit Actinica Lipbalm Baume Doux SPF 50+ 8 ml\u00a0est un soin transparent discr\u00e8tement parfum\u00e9, pour les l\u00e8vres. Il prot\u00e8ge efficacement<\/p>\n","protected":false},"featured_media":22507,"comment_status":"open","ping_status":"closed","template":"","meta":[],"product_cat":[20],"product_tag":[],"class_list":{"0":"post-16629","1":"product","2":"type-product","3":"status-publish","4":"has-post-thumbnail","6":"product_cat-accessories","8":"first","9":"instock","10":"shipping-taxable","11":"product-type-simple"},"jetpack_sharing_enabled":true,"_links":{"self":[{"href":"https:\/\/para-pharmacity.tn\/index.php?rest_route=\/wp\/v2\/product\/16629","targetHints":{"allow":["GET"]}}],"collection":[{"href":"https:\/\/para-pharmacity.tn\/index.php?rest_route=\/wp\/v2\/product"}],"about":[{"href":"https:\/\/para-pharmacity.tn\/index.php?rest_route=\/wp\/v2\/types\/product"}],"replies":[{"embeddable":true,"href":"https:\/\/para-pharmacity.tn\/index.php?rest_route=%2Fwp%2Fv2%2Fcomments&post=16629"}],"version-history":[{"count":2,"href":"https:\/\/para-pharmacity.tn\/index.php?rest_route=\/wp\/v2\/product\/16629\/revisions"}],"predecessor-version":[{"id":22509,"href":"https:\/\/para-pharmacity.tn\/index.php?rest_route=\/wp\/v2\/product\/16629\/revisions\/22509"}],"wp:featuredmedia":[{"embeddable":true,"href":"https:\/\/para-pharmacity.tn\/index.php?rest_route=\/wp\/v2\/media\/22507"}],"wp:attachment":[{"href":"https:\/\/para-pharmacity.tn\/index.php?rest_route=%2Fwp%2Fv2%2Fmedia&parent=16629"}],"wp:term":[{"taxonomy":"product_cat","embeddable":true,"href":"https:\/\/para-pharmacity.tn\/index.php?rest_route=%2Fwp%2Fv2%2Fproduct_cat&post=16629"},{"taxonomy":"product_tag","embeddable":true,"href":"https:\/\/para-pharmacity.tn\/index.php?rest_route=%2Fwp%2Fv2%2Fproduct_tag&post=16629"}],"curies":[{"name":"wp","href":"https:\/\/api.w.org\/{rel}","templated":true}]}}