{"id":16081,"date":"2024-07-10T22:55:04","date_gmt":"2024-07-10T22:55:04","guid":{"rendered":"https:\/\/para-pharmacity.tn\/?product=beesline-masque-eclair-pour-cont-yeux"},"modified":"2025-05-02T14:50:25","modified_gmt":"2025-05-02T14:50:25","slug":"beesline-masque-eclair-pour-cont-yeux","status":"publish","type":"product","link":"https:\/\/para-pharmacity.tn\/?product=beesline-masque-eclair-pour-cont-yeux","title":{"rendered":"BEESLINE MASQUE ECLAIR POUR CONT YEUX"},"content":{"rendered":"<p class=\"\" data-start=\"280\" data-end=\"849\">Le <strong data-start=\"283\" data-end=\"319\">BEESLINE MASQUE CHEVEUX 9 HUILES<\/strong> est un soin intensif qui combine les bienfaits de <strong data-start=\"370\" data-end=\"406\">neuf huiles v\u00e9g\u00e9tales pr\u00e9cieuses<\/strong> pour une r\u00e9paration compl\u00e8te des cheveux. Sa formule riche en <strong data-start=\"469\" data-end=\"541\">huile d\u2019argan, de coco, d\u2019olive, de ricin, de jojoba, d\u2019amande douce<\/strong>, et d\u2019autres huiles nutritives p\u00e9n\u00e8tre profond\u00e9ment pour <strong data-start=\"599\" data-end=\"613\">r\u00e9hydrater<\/strong>, <strong data-start=\"615\" data-end=\"626\">r\u00e9parer<\/strong>, et <strong data-start=\"631\" data-end=\"666\">revitaliser la fibre capillaire<\/strong>. Il laisse les cheveux <strong data-start=\"690\" data-end=\"742\">souples, \u00e9clatants de sant\u00e9 et faciles \u00e0 coiffer<\/strong>, tout en r\u00e9duisant la casse et les frisottis. Id\u00e9al pour les cheveux secs, ab\u00eem\u00e9s ou trait\u00e9s chimiquement.<\/p>\n","protected":false},"excerpt":{"rendered":"<p>Masque ultra-nourrissant \u00e0 base de 9 huiles naturelles, restaure la brillance, renforce et adoucit les cheveux secs et ab\u00eem\u00e9s.<\/p>\n","protected":false},"featured_media":25740,"comment_status":"open","ping_status":"closed","template":"","meta":[],"product_cat":[213],"product_tag":[],"class_list":{"0":"post-16081","1":"product","2":"type-product","3":"status-publish","4":"has-post-thumbnail","6":"product_cat-visage","8":"first","9":"instock","10":"shipping-taxable","11":"purchasable","12":"product-type-simple"},"jetpack_sharing_enabled":true,"_links":{"self":[{"href":"https:\/\/para-pharmacity.tn\/index.php?rest_route=\/wp\/v2\/product\/16081","targetHints":{"allow":["GET"]}}],"collection":[{"href":"https:\/\/para-pharmacity.tn\/index.php?rest_route=\/wp\/v2\/product"}],"about":[{"href":"https:\/\/para-pharmacity.tn\/index.php?rest_route=\/wp\/v2\/types\/product"}],"replies":[{"embeddable":true,"href":"https:\/\/para-pharmacity.tn\/index.php?rest_route=%2Fwp%2Fv2%2Fcomments&post=16081"}],"version-history":[{"count":2,"href":"https:\/\/para-pharmacity.tn\/index.php?rest_route=\/wp\/v2\/product\/16081\/revisions"}],"predecessor-version":[{"id":25741,"href":"https:\/\/para-pharmacity.tn\/index.php?rest_route=\/wp\/v2\/product\/16081\/revisions\/25741"}],"wp:featuredmedia":[{"embeddable":true,"href":"https:\/\/para-pharmacity.tn\/index.php?rest_route=\/wp\/v2\/media\/25740"}],"wp:attachment":[{"href":"https:\/\/para-pharmacity.tn\/index.php?rest_route=%2Fwp%2Fv2%2Fmedia&parent=16081"}],"wp:term":[{"taxonomy":"product_cat","embeddable":true,"href":"https:\/\/para-pharmacity.tn\/index.php?rest_route=%2Fwp%2Fv2%2Fproduct_cat&post=16081"},{"taxonomy":"product_tag","embeddable":true,"href":"https:\/\/para-pharmacity.tn\/index.php?rest_route=%2Fwp%2Fv2%2Fproduct_tag&post=16081"}],"curies":[{"name":"wp","href":"https:\/\/api.w.org\/{rel}","templated":true}]}}