{"id":16080,"date":"2024-07-10T22:55:01","date_gmt":"2024-07-10T22:55:01","guid":{"rendered":"https:\/\/para-pharmacity.tn\/?product=beesline-masque-cheveux-9-huiles"},"modified":"2025-05-02T14:31:40","modified_gmt":"2025-05-02T14:31:40","slug":"beesline-masque-cheveux-9-huiles","status":"publish","type":"product","link":"https:\/\/para-pharmacity.tn\/?product=beesline-masque-cheveux-9-huiles","title":{"rendered":"BEESLINE MASQUE CHEVEUX 9 HUILES"},"content":{"rendered":"<p><strong data-start=\"319\" data-end=\"355\">BEESLINE MASQUE CHEVEUX 9 HUILES<\/strong> est un soin capillaire riche et r\u00e9parateur formul\u00e9 avec un complexe unique de <strong data-start=\"434\" data-end=\"468\">9 huiles naturelles pr\u00e9cieuses<\/strong>, dont l\u2019huile d\u2019argan, de coco, de ricin, d\u2019amande douce, de jojoba et d\u2019olive. Ce masque offre une <strong data-start=\"569\" data-end=\"597\">nourriture en profondeur<\/strong>, <strong data-start=\"599\" data-end=\"631\">renforce la fibre capillaire<\/strong>, et aide \u00e0 <strong data-start=\"643\" data-end=\"673\">r\u00e9parer les cheveux ab\u00eem\u00e9s<\/strong>, ternes ou cassants. Gr\u00e2ce \u00e0 sa texture onctueuse, il enveloppe la chevelure d\u2019un soin intensif, la rendant <strong data-start=\"782\" data-end=\"829\">plus douce, brillante, souple et r\u00e9sistante<\/strong> d\u00e8s la premi\u00e8re application. Convient \u00e0 tous les types de cheveux, en particulier les cheveux secs, trait\u00e9s ou fragilis\u00e9s.<\/p>\n","protected":false},"excerpt":{"rendered":"<p>Masque capillaire intens\u00e9ment nourrissant \u00e0 base de 9 huiles naturelles, r\u00e9pare, fortifie et sublime les cheveux secs et ab\u00eem\u00e9s.<\/p>\n","protected":false},"featured_media":25732,"comment_status":"open","ping_status":"closed","template":"","meta":[],"product_cat":[211],"product_tag":[],"class_list":{"0":"post-16080","1":"product","2":"type-product","3":"status-publish","4":"has-post-thumbnail","6":"product_cat-cheveux","8":"first","9":"instock","10":"shipping-taxable","11":"purchasable","12":"product-type-simple"},"jetpack_sharing_enabled":true,"_links":{"self":[{"href":"https:\/\/para-pharmacity.tn\/index.php?rest_route=\/wp\/v2\/product\/16080","targetHints":{"allow":["GET"]}}],"collection":[{"href":"https:\/\/para-pharmacity.tn\/index.php?rest_route=\/wp\/v2\/product"}],"about":[{"href":"https:\/\/para-pharmacity.tn\/index.php?rest_route=\/wp\/v2\/types\/product"}],"replies":[{"embeddable":true,"href":"https:\/\/para-pharmacity.tn\/index.php?rest_route=%2Fwp%2Fv2%2Fcomments&post=16080"}],"version-history":[{"count":2,"href":"https:\/\/para-pharmacity.tn\/index.php?rest_route=\/wp\/v2\/product\/16080\/revisions"}],"predecessor-version":[{"id":25733,"href":"https:\/\/para-pharmacity.tn\/index.php?rest_route=\/wp\/v2\/product\/16080\/revisions\/25733"}],"wp:featuredmedia":[{"embeddable":true,"href":"https:\/\/para-pharmacity.tn\/index.php?rest_route=\/wp\/v2\/media\/25732"}],"wp:attachment":[{"href":"https:\/\/para-pharmacity.tn\/index.php?rest_route=%2Fwp%2Fv2%2Fmedia&parent=16080"}],"wp:term":[{"taxonomy":"product_cat","embeddable":true,"href":"https:\/\/para-pharmacity.tn\/index.php?rest_route=%2Fwp%2Fv2%2Fproduct_cat&post=16080"},{"taxonomy":"product_tag","embeddable":true,"href":"https:\/\/para-pharmacity.tn\/index.php?rest_route=%2Fwp%2Fv2%2Fproduct_tag&post=16080"}],"curies":[{"name":"wp","href":"https:\/\/api.w.org\/{rel}","templated":true}]}}