{"id":16078,"date":"2024-07-10T22:55:01","date_gmt":"2024-07-10T22:55:01","guid":{"rendered":"https:\/\/para-pharmacity.tn\/?product=beesline-lotion-tonique-eclair"},"modified":"2025-05-02T13:34:50","modified_gmt":"2025-05-02T13:34:50","slug":"beesline-lotion-tonique-eclair","status":"publish","type":"product","link":"https:\/\/para-pharmacity.tn\/?product=beesline-lotion-tonique-eclair","title":{"rendered":"BEESLINE LOTION TONIQUE ECLAIR"},"content":{"rendered":"<p class=\"\" data-start=\"317\" data-end=\"949\"><strong data-start=\"317\" data-end=\"359\">BEESLINE LOTION TONIQUE \u00c9CLAIRCISSANTE<\/strong> est une lotion douce formul\u00e9e pour <strong data-start=\"395\" data-end=\"440\">rafra\u00eechir, purifier et illuminer la peau<\/strong> tout en la pr\u00e9parant \u00e0 recevoir les soins suivants. Gr\u00e2ce \u00e0 sa composition riche en <strong data-start=\"525\" data-end=\"559\">actifs \u00e9claircissants naturels<\/strong>, comme l\u2019<strong data-start=\"569\" data-end=\"596\">extrait de m\u00fbrier blanc<\/strong>, la <strong data-start=\"601\" data-end=\"615\">vitamine C<\/strong> et des <strong data-start=\"623\" data-end=\"644\">agents hydratants<\/strong>, elle aide \u00e0 <strong data-start=\"658\" data-end=\"693\">r\u00e9duire les taches pigmentaires<\/strong>, resserre les pores, et r\u00e9\u00e9quilibre le <strong data-start=\"733\" data-end=\"746\">pH cutan\u00e9<\/strong>. Utilis\u00e9e apr\u00e8s le nettoyage, elle <strong data-start=\"782\" data-end=\"793\" data-is-only-node=\"\">tonifie<\/strong> la peau en douceur, stimule l\u2019\u00e9clat naturel du teint et laisse une <strong data-start=\"861\" data-end=\"897\">sensation de fra\u00eecheur imm\u00e9diate<\/strong>. Convient \u00e0 tous les types de peau, m\u00eame sensibles.<\/p>\n","protected":false},"excerpt":{"rendered":"<p>Lotion tonique \u00e9claircissante qui purifie, rafra\u00eechit et unifie le teint tout en pr\u00e9parant la peau aux soins quotidiens.<\/p>\n","protected":false},"featured_media":25713,"comment_status":"open","ping_status":"closed","template":"","meta":[],"product_cat":[213],"product_tag":[],"class_list":{"0":"post-16078","1":"product","2":"type-product","3":"status-publish","4":"has-post-thumbnail","6":"product_cat-visage","8":"first","9":"instock","10":"shipping-taxable","11":"purchasable","12":"product-type-simple"},"jetpack_sharing_enabled":true,"_links":{"self":[{"href":"https:\/\/para-pharmacity.tn\/index.php?rest_route=\/wp\/v2\/product\/16078","targetHints":{"allow":["GET"]}}],"collection":[{"href":"https:\/\/para-pharmacity.tn\/index.php?rest_route=\/wp\/v2\/product"}],"about":[{"href":"https:\/\/para-pharmacity.tn\/index.php?rest_route=\/wp\/v2\/types\/product"}],"replies":[{"embeddable":true,"href":"https:\/\/para-pharmacity.tn\/index.php?rest_route=%2Fwp%2Fv2%2Fcomments&post=16078"}],"version-history":[{"count":2,"href":"https:\/\/para-pharmacity.tn\/index.php?rest_route=\/wp\/v2\/product\/16078\/revisions"}],"predecessor-version":[{"id":25712,"href":"https:\/\/para-pharmacity.tn\/index.php?rest_route=\/wp\/v2\/product\/16078\/revisions\/25712"}],"wp:featuredmedia":[{"embeddable":true,"href":"https:\/\/para-pharmacity.tn\/index.php?rest_route=\/wp\/v2\/media\/25713"}],"wp:attachment":[{"href":"https:\/\/para-pharmacity.tn\/index.php?rest_route=%2Fwp%2Fv2%2Fmedia&parent=16078"}],"wp:term":[{"taxonomy":"product_cat","embeddable":true,"href":"https:\/\/para-pharmacity.tn\/index.php?rest_route=%2Fwp%2Fv2%2Fproduct_cat&post=16078"},{"taxonomy":"product_tag","embeddable":true,"href":"https:\/\/para-pharmacity.tn\/index.php?rest_route=%2Fwp%2Fv2%2Fproduct_tag&post=16078"}],"curies":[{"name":"wp","href":"https:\/\/api.w.org\/{rel}","templated":true}]}}