{"id":16065,"date":"2024-07-10T22:54:57","date_gmt":"2024-07-10T22:54:57","guid":{"rendered":"https:\/\/para-pharmacity.tn\/?product=beesline-baume-a-levre-fraise"},"modified":"2025-04-24T11:04:13","modified_gmt":"2025-04-24T11:04:13","slug":"beesline-baume-a-levre-fraise","status":"publish","type":"product","link":"https:\/\/para-pharmacity.tn\/?product=beesline-baume-a-levre-fraise","title":{"rendered":"BEESLINE BAUME A LEVRE FRAISE"},"content":{"rendered":"<p class=\"ds-markdown-paragraph\"><strong>BEESLINE Baume \u00e0 L\u00e8vres Fraise<\/strong>\u00a0est un soin gourmand et r\u00e9parateur sp\u00e9cialement con\u00e7u pour apaiser, hydrater et prot\u00e9ger les l\u00e8vres. Enrichi en cire d\u2019abeille, en huile d\u2019olive et en beurre de karit\u00e9, ce baume offre une nutrition intense tout en apportant une d\u00e9licate touche fruit\u00e9e gr\u00e2ce \u00e0 son parfum de fraise. Sa formule naturelle et sans produits chimiques agressifs convient m\u00eame aux l\u00e8vres les plus sensibles. Id\u00e9al pour une utilisation quotidienne, il laisse un fini l\u00e9g\u00e8rement brillant et une sensation de confort durable. Parfait pour sublimer et chouchouter vos l\u00e8vres en toute simplicit\u00e9 !<\/p>\n<p class=\"ds-markdown-paragraph\">\n","protected":false},"excerpt":{"rendered":"<p><strong>BEESLINE Baume \u00e0 L\u00e8vres Fraise<\/strong>\u00a0\u2013 Un baume nourrissant \u00e0 la fraise pour des l\u00e8vres douces et hydrat\u00e9es, formul\u00e9 avec des ingr\u00e9dients naturels et de la cire d&rsquo;abeille.<\/p>\n","protected":false},"featured_media":25603,"comment_status":"open","ping_status":"closed","template":"","meta":[],"product_cat":[279],"product_tag":[],"class_list":{"0":"post-16065","1":"product","2":"type-product","3":"status-publish","4":"has-post-thumbnail","6":"product_cat-soin-a-lever","8":"first","9":"instock","10":"shipping-taxable","11":"purchasable","12":"product-type-simple"},"jetpack_sharing_enabled":true,"_links":{"self":[{"href":"https:\/\/para-pharmacity.tn\/index.php?rest_route=\/wp\/v2\/product\/16065","targetHints":{"allow":["GET"]}}],"collection":[{"href":"https:\/\/para-pharmacity.tn\/index.php?rest_route=\/wp\/v2\/product"}],"about":[{"href":"https:\/\/para-pharmacity.tn\/index.php?rest_route=\/wp\/v2\/types\/product"}],"replies":[{"embeddable":true,"href":"https:\/\/para-pharmacity.tn\/index.php?rest_route=%2Fwp%2Fv2%2Fcomments&post=16065"}],"version-history":[{"count":2,"href":"https:\/\/para-pharmacity.tn\/index.php?rest_route=\/wp\/v2\/product\/16065\/revisions"}],"predecessor-version":[{"id":25605,"href":"https:\/\/para-pharmacity.tn\/index.php?rest_route=\/wp\/v2\/product\/16065\/revisions\/25605"}],"wp:featuredmedia":[{"embeddable":true,"href":"https:\/\/para-pharmacity.tn\/index.php?rest_route=\/wp\/v2\/media\/25603"}],"wp:attachment":[{"href":"https:\/\/para-pharmacity.tn\/index.php?rest_route=%2Fwp%2Fv2%2Fmedia&parent=16065"}],"wp:term":[{"taxonomy":"product_cat","embeddable":true,"href":"https:\/\/para-pharmacity.tn\/index.php?rest_route=%2Fwp%2Fv2%2Fproduct_cat&post=16065"},{"taxonomy":"product_tag","embeddable":true,"href":"https:\/\/para-pharmacity.tn\/index.php?rest_route=%2Fwp%2Fv2%2Fproduct_tag&post=16065"}],"curies":[{"name":"wp","href":"https:\/\/api.w.org\/{rel}","templated":true}]}}