{"id":16064,"date":"2024-07-10T22:54:57","date_gmt":"2024-07-10T22:54:57","guid":{"rendered":"https:\/\/para-pharmacity.tn\/?product=beesline-baume-a-levre-cerise"},"modified":"2025-04-24T10:55:16","modified_gmt":"2025-04-24T10:55:16","slug":"beesline-baume-a-levre-cerise","status":"publish","type":"product","link":"https:\/\/para-pharmacity.tn\/?product=beesline-baume-a-levre-cerise","title":{"rendered":"BEESLINE BAUME A LEVRE CERISE"},"content":{"rendered":"<p class=\"\" data-start=\"275\" data-end=\"432\"><span class=\"relative -mx-px my-[-0.2rem] rounded px-px py-[0.2rem] transition-colors duration-100 ease-in-out\">Le <strong data-start=\"3\" data-end=\"37\">Beesline Baume \u00e0 L\u00e8vres Cerise<\/strong> est un soin de haute qualit\u00e9 formul\u00e9 pour r\u00e9pondre aux besoins des l\u00e8vres sensibles.<\/span> <span class=\"relative -mx-px my-[-0.2rem] rounded px-px py-[0.2rem] transition-colors duration-100 ease-in-out\">Gr\u00e2ce \u00e0 sa composition riche en <strong data-start=\"32\" data-end=\"50\">cire d&rsquo;abeille<\/strong>, <strong data-start=\"52\" data-end=\"76\">huile d&rsquo;amande douce<\/strong>, <strong data-start=\"78\" data-end=\"103\">huile de germe de bl\u00e9<\/strong>, <strong data-start=\"105\" data-end=\"127\">extrait de carotte<\/strong>, <strong data-start=\"129\" data-end=\"143\">vitamine C<\/strong> et <strong data-start=\"147\" data-end=\"161\">vitamine E<\/strong>, ce baume offre une action nourrissante et r\u00e9paratrice.<\/span> <span class=\"relative -mx-px my-[-0.2rem] rounded px-px py-[0.2rem] transition-colors duration-100 ease-in-out\">Il prot\u00e8ge efficacement les l\u00e8vres des agressions climatiques, tout en leur apportant une teinte cerise naturelle et un parfum d\u00e9licat.<\/span>\u200b<\/p>\n<p class=\"\" data-start=\"434\" data-end=\"468\"><strong data-start=\"434\" data-end=\"468\">Caract\u00e9ristiques principales :<\/strong><\/p>\n<ul data-start=\"470\" data-end=\"843\">\n<li class=\"\" data-start=\"470\" data-end=\"535\">\n<p class=\"\" data-start=\"472\" data-end=\"535\"><strong data-start=\"472\" data-end=\"495\">Hydratation intense<\/strong> : <span class=\"relative -mx-px my-[-0.2rem] rounded px-px py-[0.2rem] transition-colors duration-100 ease-in-out\">Restaure l&rsquo;humidit\u00e9 des l\u00e8vres s\u00e8ches et gerc\u00e9es.<\/span><\/p>\n<\/li>\n<li class=\"\" data-start=\"536\" data-end=\"604\">\n<p class=\"\" data-start=\"538\" data-end=\"604\"><strong data-start=\"538\" data-end=\"562\">Protection renforc\u00e9e<\/strong> : <span class=\"relative -mx-px my-[-0.2rem] rounded px-px py-[0.2rem] transition-colors duration-100 ease-in-out\">Forme une barri\u00e8re contre les irritants externes.<\/span><\/p>\n<\/li>\n<li class=\"\" data-start=\"605\" data-end=\"667\">\n<p class=\"\" data-start=\"607\" data-end=\"667\"><strong data-start=\"607\" data-end=\"625\">Teinte subtile<\/strong> : <span class=\"relative -mx-px my-[-0.2rem] rounded px-px py-[0.2rem] transition-colors duration-100 ease-in-out\">Apporte une couleur cerise l\u00e9g\u00e8re et naturelle.<\/span><\/p>\n<\/li>\n<li class=\"\" data-start=\"668\" data-end=\"731\">\n<p class=\"\" data-start=\"670\" data-end=\"731\"><strong data-start=\"670\" data-end=\"689\">Parfum agr\u00e9able<\/strong> : <span class=\"relative -mx-px my-[-0.2rem] rounded px-px py-[0.2rem] transition-colors duration-100 ease-in-out\">Offre une senteur fruit\u00e9e d\u00e9licate.<\/span><\/p>\n<\/li>\n<li class=\"\" data-start=\"732\" data-end=\"843\">\n<p class=\"\" data-start=\"734\" data-end=\"843\"><strong data-start=\"734\" data-end=\"755\">Formule naturelle<\/strong> : <span class=\"relative -mx-px my-[-0.2rem] rounded px-px py-[0.2rem] transition-colors duration-100 ease-in-out\">Sans parab\u00e8nes, silicones ni produits d&rsquo;origine animale (sauf les produits d\u00e9riv\u00e9s des abeilles).<\/span>\u200b<\/p>\n<\/li>\n<li class=\"\" data-start=\"732\" data-end=\"843\">\n<p class=\"\" data-start=\"734\" data-end=\"843\"><strong data-start=\"845\" data-end=\"873\">Conseils d&rsquo;utilisation :<\/strong><\/p>\n<\/li>\n<\/ul>\n<ul data-start=\"875\" data-end=\"1046\">\n<li class=\"\" data-start=\"875\" data-end=\"916\">\n<p class=\"\" data-start=\"877\" data-end=\"916\"><span class=\"relative -mx-px my-[-0.2rem] rounded px-px py-[0.2rem] transition-colors duration-100 ease-in-out\">Appliquer g\u00e9n\u00e9reusement sur les l\u00e8vres aussi souvent que n\u00e9cessaire.<\/span><\/p>\n<\/li>\n<li class=\"\" data-start=\"917\" data-end=\"958\">\n<p class=\"\" data-start=\"919\" data-end=\"958\"><span class=\"relative -mx-px my-[-0.2rem] rounded px-px py-[0.2rem] transition-colors duration-100 ease-in-out\">Peut \u00eatre utilis\u00e9 seul pour une teinte naturelle ou comme base avant l&rsquo;application d&rsquo;un rouge \u00e0 l\u00e8vres.<\/span><\/p>\n<\/li>\n<li class=\"\" data-start=\"959\" data-end=\"1046\">\n<p class=\"\" data-start=\"961\" data-end=\"1046\"><span class=\"relative -mx-px my-[-0.2rem] rounded px-px py-[0.2rem] transition-colors duration-100 ease-in-out\">Convient \u00e0 une utilisation quotidienne, en toutes saisons.<\/span>\u200b\u200b<\/p>\n<\/li>\n<\/ul>\n","protected":false},"excerpt":{"rendered":"<p>Baume \u00e0 l\u00e8vres Beesline Cerise : hydrate, r\u00e9pare et prot\u00e8ge les l\u00e8vres s\u00e8ches, avec une teinte cerise l\u00e9g\u00e8re et un parfum fruit\u00e9.<\/p>\n","protected":false},"featured_media":25600,"comment_status":"open","ping_status":"closed","template":"","meta":[],"product_cat":[213],"product_tag":[],"class_list":{"0":"post-16064","1":"product","2":"type-product","3":"status-publish","4":"has-post-thumbnail","6":"product_cat-visage","8":"first","9":"instock","10":"shipping-taxable","11":"purchasable","12":"product-type-simple"},"jetpack_sharing_enabled":true,"_links":{"self":[{"href":"https:\/\/para-pharmacity.tn\/index.php?rest_route=\/wp\/v2\/product\/16064","targetHints":{"allow":["GET"]}}],"collection":[{"href":"https:\/\/para-pharmacity.tn\/index.php?rest_route=\/wp\/v2\/product"}],"about":[{"href":"https:\/\/para-pharmacity.tn\/index.php?rest_route=\/wp\/v2\/types\/product"}],"replies":[{"embeddable":true,"href":"https:\/\/para-pharmacity.tn\/index.php?rest_route=%2Fwp%2Fv2%2Fcomments&post=16064"}],"version-history":[{"count":2,"href":"https:\/\/para-pharmacity.tn\/index.php?rest_route=\/wp\/v2\/product\/16064\/revisions"}],"predecessor-version":[{"id":25602,"href":"https:\/\/para-pharmacity.tn\/index.php?rest_route=\/wp\/v2\/product\/16064\/revisions\/25602"}],"wp:featuredmedia":[{"embeddable":true,"href":"https:\/\/para-pharmacity.tn\/index.php?rest_route=\/wp\/v2\/media\/25600"}],"wp:attachment":[{"href":"https:\/\/para-pharmacity.tn\/index.php?rest_route=%2Fwp%2Fv2%2Fmedia&parent=16064"}],"wp:term":[{"taxonomy":"product_cat","embeddable":true,"href":"https:\/\/para-pharmacity.tn\/index.php?rest_route=%2Fwp%2Fv2%2Fproduct_cat&post=16064"},{"taxonomy":"product_tag","embeddable":true,"href":"https:\/\/para-pharmacity.tn\/index.php?rest_route=%2Fwp%2Fv2%2Fproduct_tag&post=16064"}],"curies":[{"name":"wp","href":"https:\/\/api.w.org\/{rel}","templated":true}]}}