{"id":16050,"date":"2024-07-10T22:54:51","date_gmt":"2024-07-10T22:54:51","guid":{"rendered":"https:\/\/para-pharmacity.tn\/?product=bambini-tetine-2eme-avec-boite-418"},"modified":"2025-04-21T16:20:42","modified_gmt":"2025-04-21T16:20:42","slug":"bambini-tetine-2eme-avec-boite-418","status":"publish","type":"product","link":"https:\/\/para-pharmacity.tn\/?product=bambini-tetine-2eme-avec-boite-418","title":{"rendered":"BAMBINI TETINE 2EME AVEC BOITE 418"},"content":{"rendered":"<p><span class=\"relative -mx-px my-[-0.2rem] rounded px-px py-[0.2rem] transition-colors duration-100 ease-in-out\">La <strong data-start=\"3\" data-end=\"50\">BAMBINI T\u00e9tine 2\u1d49 \u00c2ge avec Bo\u00eete (R\u00e9f. 418)<\/strong> est sp\u00e9cialement con\u00e7ue pour les b\u00e9b\u00e9s de 6 \u00e0 18 mois, facilitant la transition du sein au biberon.<\/span> <span class=\"relative -mx-px my-[-0.2rem] rounded px-px py-[0.2rem] transition-colors duration-100 ease-in-out\">Fabriqu\u00e9e en silicone de haute qualit\u00e9, elle est douce au toucher et r\u00e9sistante, assurant une durabilit\u00e9 accrue.<\/span> <span class=\"relative -mx-px my-[-0.2rem] rounded px-px py-[0.2rem] transition-colors duration-100 ease-in-out\">La forme de la t\u00e9tine est adapt\u00e9e pour favoriser un d\u00e9veloppement bucco-dentaire naturel.<\/span> <span class=\"relative -mx-px my-[-0.2rem] rounded px-px py-[0.2rem] transition-colors duration-100 ease-in-out\">Elle est \u00e9quip\u00e9e d&rsquo;une bo\u00eete de rangement pratique, permettant de la transporter en toute s\u00e9curit\u00e9 et de la maintenir propre.<\/span> <span class=\"relative -mx-px my-[-0.2rem] rounded px-px py-[0.2rem] transition-colors duration-100 ease-in-out\">Cette t\u00e9tine est compatible avec les biberons \u00e0 col large et ne contient pas de BPA, garantissant ainsi la s\u00e9curit\u00e9 de votre enfant.<\/span>\u200b<\/p>\n","protected":false},"excerpt":{"rendered":"<p class=\"\" data-start=\"173\" data-end=\"490\">La <strong data-start=\"176\" data-end=\"223\">BAMBINI T\u00e9tine 2\u1d49 \u00c2ge avec Bo\u00eete (R\u00e9f. 418)<\/strong> est con\u00e7ue pour les b\u00e9b\u00e9s de 6 \u00e0 18 mois. Elle est fabriqu\u00e9e en silicone souple et durable, offrant une sensation naturelle lors de la t\u00e9t\u00e9e. Cette t\u00e9tine est accompagn\u00e9e d&rsquo;une bo\u00eete de rangement pour une hygi\u00e8ne optimale.\u200b<\/p>\n","protected":false},"featured_media":25532,"comment_status":"open","ping_status":"closed","template":"","meta":[],"product_cat":[243],"product_tag":[],"class_list":{"0":"post-16050","1":"product","2":"type-product","3":"status-publish","4":"has-post-thumbnail","6":"product_cat-bebe-et-maman","8":"first","9":"instock","10":"shipping-taxable","11":"purchasable","12":"product-type-simple"},"jetpack_sharing_enabled":true,"_links":{"self":[{"href":"https:\/\/para-pharmacity.tn\/index.php?rest_route=\/wp\/v2\/product\/16050","targetHints":{"allow":["GET"]}}],"collection":[{"href":"https:\/\/para-pharmacity.tn\/index.php?rest_route=\/wp\/v2\/product"}],"about":[{"href":"https:\/\/para-pharmacity.tn\/index.php?rest_route=\/wp\/v2\/types\/product"}],"replies":[{"embeddable":true,"href":"https:\/\/para-pharmacity.tn\/index.php?rest_route=%2Fwp%2Fv2%2Fcomments&post=16050"}],"version-history":[{"count":2,"href":"https:\/\/para-pharmacity.tn\/index.php?rest_route=\/wp\/v2\/product\/16050\/revisions"}],"predecessor-version":[{"id":25533,"href":"https:\/\/para-pharmacity.tn\/index.php?rest_route=\/wp\/v2\/product\/16050\/revisions\/25533"}],"wp:featuredmedia":[{"embeddable":true,"href":"https:\/\/para-pharmacity.tn\/index.php?rest_route=\/wp\/v2\/media\/25532"}],"wp:attachment":[{"href":"https:\/\/para-pharmacity.tn\/index.php?rest_route=%2Fwp%2Fv2%2Fmedia&parent=16050"}],"wp:term":[{"taxonomy":"product_cat","embeddable":true,"href":"https:\/\/para-pharmacity.tn\/index.php?rest_route=%2Fwp%2Fv2%2Fproduct_cat&post=16050"},{"taxonomy":"product_tag","embeddable":true,"href":"https:\/\/para-pharmacity.tn\/index.php?rest_route=%2Fwp%2Fv2%2Fproduct_tag&post=16050"}],"curies":[{"name":"wp","href":"https:\/\/api.w.org\/{rel}","templated":true}]}}