{"id":16043,"date":"2024-07-10T22:54:49","date_gmt":"2024-07-10T22:54:49","guid":{"rendered":"https:\/\/para-pharmacity.tn\/?product=bambini-tasse-avec-paille-200ml-445"},"modified":"2025-04-21T16:03:47","modified_gmt":"2025-04-21T16:03:47","slug":"bambini-tasse-avec-paille-200ml-445","status":"publish","type":"product","link":"https:\/\/para-pharmacity.tn\/?product=bambini-tasse-avec-paille-200ml-445","title":{"rendered":"BAMBINI TASSE AVEC PAILLE 200ML 445"},"content":{"rendered":"<p>La <strong data-start=\"743\" data-end=\"790\">BAMBINI Tasse avec Paille 200 ml (R\u00e9f. 445)<\/strong> est con\u00e7ue pour aider les b\u00e9b\u00e9s \u00e0 passer du biberon \u00e0 l&rsquo;utilisation d&rsquo;une tasse. Elle est dot\u00e9e d&rsquo;une paille souple qui facilite l&rsquo;aspiration, d&rsquo;anses ergonomiques adapt\u00e9es aux petites mains et d&rsquo;un syst\u00e8me anti-fuites pour \u00e9viter les \u00e9claboussures. Disponible en rose ou bleu, elle est fabriqu\u00e9e en plastique sans BPA, assurant ainsi la s\u00e9curit\u00e9 de votre enfant.\u200b<\/p>\n","protected":false},"excerpt":{"rendered":"<p class=\"\" data-start=\"360\" data-end=\"707\">Cette tasse anti-fuites de 200 ml est \u00e9quip\u00e9e d&rsquo;une paille souple et d&rsquo;anses ergonomiques, permettant une prise en main facile par les petites mains de b\u00e9b\u00e9. Son syst\u00e8me anti-fuites assure une utilisation propre et sans tracas. Fabriqu\u00e9e en plastique sans BPA, elle garantit la s\u00e9curit\u00e9 de votre enfant.\u200b<\/p>\n<h3 class=\"\" data-start=\"709\" data-end=\"738\"><\/h3>\n","protected":false},"featured_media":25518,"comment_status":"open","ping_status":"closed","template":"","meta":[],"product_cat":[243],"product_tag":[],"class_list":{"0":"post-16043","1":"product","2":"type-product","3":"status-publish","4":"has-post-thumbnail","6":"product_cat-bebe-et-maman","8":"first","9":"instock","10":"shipping-taxable","11":"purchasable","12":"product-type-simple"},"jetpack_sharing_enabled":true,"_links":{"self":[{"href":"https:\/\/para-pharmacity.tn\/index.php?rest_route=\/wp\/v2\/product\/16043","targetHints":{"allow":["GET"]}}],"collection":[{"href":"https:\/\/para-pharmacity.tn\/index.php?rest_route=\/wp\/v2\/product"}],"about":[{"href":"https:\/\/para-pharmacity.tn\/index.php?rest_route=\/wp\/v2\/types\/product"}],"replies":[{"embeddable":true,"href":"https:\/\/para-pharmacity.tn\/index.php?rest_route=%2Fwp%2Fv2%2Fcomments&post=16043"}],"version-history":[{"count":2,"href":"https:\/\/para-pharmacity.tn\/index.php?rest_route=\/wp\/v2\/product\/16043\/revisions"}],"predecessor-version":[{"id":25520,"href":"https:\/\/para-pharmacity.tn\/index.php?rest_route=\/wp\/v2\/product\/16043\/revisions\/25520"}],"wp:featuredmedia":[{"embeddable":true,"href":"https:\/\/para-pharmacity.tn\/index.php?rest_route=\/wp\/v2\/media\/25518"}],"wp:attachment":[{"href":"https:\/\/para-pharmacity.tn\/index.php?rest_route=%2Fwp%2Fv2%2Fmedia&parent=16043"}],"wp:term":[{"taxonomy":"product_cat","embeddable":true,"href":"https:\/\/para-pharmacity.tn\/index.php?rest_route=%2Fwp%2Fv2%2Fproduct_cat&post=16043"},{"taxonomy":"product_tag","embeddable":true,"href":"https:\/\/para-pharmacity.tn\/index.php?rest_route=%2Fwp%2Fv2%2Fproduct_tag&post=16043"}],"curies":[{"name":"wp","href":"https:\/\/api.w.org\/{rel}","templated":true}]}}