{"id":16038,"date":"2024-07-10T22:54:48","date_gmt":"2024-07-10T22:54:48","guid":{"rendered":"https:\/\/para-pharmacity.tn\/?product=bambini-mini-bib-en-verre-60ml-454"},"modified":"2025-04-21T15:25:34","modified_gmt":"2025-04-21T15:25:34","slug":"bambini-mini-bib-en-verre-60ml-454","status":"publish","type":"product","link":"https:\/\/para-pharmacity.tn\/?product=bambini-mini-bib-en-verre-60ml-454","title":{"rendered":"BAMBINI MINI BIB EN VERRE 60ML 454"},"content":{"rendered":"<p class=\"\" data-start=\"508\" data-end=\"627\"><span class=\"relative -mx-px my-[-0.2rem] rounded px-px py-[0.2rem] transition-colors duration-100 ease-in-out\">Le <strong data-start=\"3\" data-end=\"53\">BAMBINI Mini Biberon en Verre 60 ml (R\u00e9f. 454)<\/strong> est sp\u00e9cialement con\u00e7u pour accompagner les premiers repas de votre b\u00e9b\u00e9.<\/span> <span class=\"relative -mx-px my-[-0.2rem] rounded px-px py-[0.2rem] transition-colors duration-100 ease-in-out\">Sa petite capacit\u00e9 est parfaitement adapt\u00e9e aux besoins des nouveau-n\u00e9s, qui consomment de faibles quantit\u00e9s de lait lors des premi\u00e8res semaines.<\/span>\u200b<\/p>\n<ul data-start=\"665\" data-end=\"1195\">\n<li class=\"\" data-start=\"665\" data-end=\"776\">\n<p class=\"\" data-start=\"667\" data-end=\"776\"><strong data-start=\"667\" data-end=\"692\">Verre thermor\u00e9sistant<\/strong> : <span class=\"relative -mx-px my-[-0.2rem] rounded px-px py-[0.2rem] transition-colors duration-100 ease-in-out\">supporte les changements brusques de temp\u00e9rature, permettant des st\u00e9rilisations r\u00e9p\u00e9t\u00e9es sans risque de fissures.<\/span>\u200b<\/p>\n<\/li>\n<li class=\"\" data-start=\"778\" data-end=\"917\">\n<p class=\"\" data-start=\"780\" data-end=\"917\"><strong data-start=\"780\" data-end=\"815\">T\u00e9tine en silicone extra-souple<\/strong> : offre une sensation naturelle et confortable pour b\u00e9b\u00e9.\u200b<\/p>\n<\/li>\n<li class=\"\" data-start=\"919\" data-end=\"1051\">\n<p class=\"\" data-start=\"921\" data-end=\"1051\"><strong data-start=\"921\" data-end=\"939\">Design compact<\/strong> : facile \u00e0 manipuler et \u00e0 transporter, id\u00e9al pour les d\u00e9placements.\u200b<\/p>\n<\/li>\n<li class=\"\" data-start=\"1053\" data-end=\"1195\">\n<p class=\"\" data-start=\"1055\" data-end=\"1195\"><strong data-start=\"1055\" data-end=\"1067\">Sans BPA<\/strong> : garantit une utilisation sans substances nocives pour la sant\u00e9 de votre enfant.\u200b<\/p>\n<\/li>\n<\/ul>\n<p class=\"\" data-start=\"1197\" data-end=\"1498\">Ce biberon est disponible en plusieurs coloris attrayants, tels que le vert, le rouge et le bleu, pour plaire \u00e0 tous les go\u00fbts. C&rsquo;est le choix parfait pour les parents recherchant un produit s\u00fbr, pratique et adapt\u00e9 aux besoins sp\u00e9cifiques des nouveau-n\u00e9s.\u200b<\/p>\n","protected":false},"excerpt":{"rendered":"<p>Le mini biberon en verre BAMBINI 60 ml est id\u00e9al pour les nouveau-n\u00e9s. Fabriqu\u00e9 en verre thermor\u00e9sistant et \u00e9quip\u00e9 d&rsquo;une t\u00e9tine en silicone souple, il assure s\u00e9curit\u00e9 et confort lors des premi\u00e8res t\u00e9t\u00e9es.\u200b<\/p>\n","protected":false},"featured_media":25498,"comment_status":"open","ping_status":"closed","template":"","meta":[],"product_cat":[243],"product_tag":[],"class_list":{"0":"post-16038","1":"product","2":"type-product","3":"status-publish","4":"has-post-thumbnail","6":"product_cat-bebe-et-maman","8":"first","9":"instock","10":"shipping-taxable","11":"purchasable","12":"product-type-simple"},"jetpack_sharing_enabled":true,"_links":{"self":[{"href":"https:\/\/para-pharmacity.tn\/index.php?rest_route=\/wp\/v2\/product\/16038","targetHints":{"allow":["GET"]}}],"collection":[{"href":"https:\/\/para-pharmacity.tn\/index.php?rest_route=\/wp\/v2\/product"}],"about":[{"href":"https:\/\/para-pharmacity.tn\/index.php?rest_route=\/wp\/v2\/types\/product"}],"replies":[{"embeddable":true,"href":"https:\/\/para-pharmacity.tn\/index.php?rest_route=%2Fwp%2Fv2%2Fcomments&post=16038"}],"version-history":[{"count":2,"href":"https:\/\/para-pharmacity.tn\/index.php?rest_route=\/wp\/v2\/product\/16038\/revisions"}],"predecessor-version":[{"id":25497,"href":"https:\/\/para-pharmacity.tn\/index.php?rest_route=\/wp\/v2\/product\/16038\/revisions\/25497"}],"wp:featuredmedia":[{"embeddable":true,"href":"https:\/\/para-pharmacity.tn\/index.php?rest_route=\/wp\/v2\/media\/25498"}],"wp:attachment":[{"href":"https:\/\/para-pharmacity.tn\/index.php?rest_route=%2Fwp%2Fv2%2Fmedia&parent=16038"}],"wp:term":[{"taxonomy":"product_cat","embeddable":true,"href":"https:\/\/para-pharmacity.tn\/index.php?rest_route=%2Fwp%2Fv2%2Fproduct_cat&post=16038"},{"taxonomy":"product_tag","embeddable":true,"href":"https:\/\/para-pharmacity.tn\/index.php?rest_route=%2Fwp%2Fv2%2Fproduct_tag&post=16038"}],"curies":[{"name":"wp","href":"https:\/\/api.w.org\/{rel}","templated":true}]}}