{"id":15952,"date":"2024-07-10T22:54:22","date_gmt":"2024-07-10T22:54:22","guid":{"rendered":"https:\/\/para-pharmacity.tn\/?product=babirose-savon-85-grs"},"modified":"2025-04-21T09:44:57","modified_gmt":"2025-04-21T09:44:57","slug":"babirose-savon-85-grs","status":"publish","type":"product","link":"https:\/\/para-pharmacity.tn\/?product=babirose-savon-85-grs","title":{"rendered":"BABIROSE SAVON 85 GRS"},"content":{"rendered":"<p class=\"\" data-start=\"278\" data-end=\"634\">Le <strong data-start=\"281\" data-end=\"309\">Babirose Savon B\u00e9b\u00e9 85 g<\/strong> est con\u00e7u pour laver en douceur la peau fragile des tout-petits. Sa formule sans huiles essentielles minimise les risques d&rsquo;irritation, offrant un soin respectueux d\u00e8s la naissance. Enrichi en huile d&rsquo;amande douce, il adoucit et prot\u00e8ge la peau, la laissant propre et confortable.\u200b<\/p>\n<p class=\"\" data-start=\"636\" data-end=\"664\"><strong data-start=\"636\" data-end=\"662\">Conseils d&rsquo;utilisation<\/strong> :<\/p>\n<ul data-start=\"665\" data-end=\"970\">\n<li class=\"\" data-start=\"665\" data-end=\"740\">\n<p class=\"\" data-start=\"667\" data-end=\"740\">Faites mousser le savon avec une \u00e9ponge naturelle ou un gant de toilette.<\/p>\n<\/li>\n<li class=\"\" data-start=\"741\" data-end=\"774\">\n<p class=\"\" data-start=\"743\" data-end=\"774\">Appliquez sur le corps de b\u00e9b\u00e9.<\/p>\n<\/li>\n<li class=\"\" data-start=\"775\" data-end=\"799\">\n<p class=\"\" data-start=\"777\" data-end=\"799\">Rincez \u00e0 l&rsquo;eau claire.<\/p>\n<\/li>\n<li class=\"\" data-start=\"800\" data-end=\"970\">\n<p class=\"\" data-start=\"802\" data-end=\"970\">Pour prolonger la dur\u00e9e de vie du savon (environ 32 utilisations), utilisez un porte-savon permettant l&rsquo;\u00e9coulement de l&rsquo;eau.\u200b<\/p>\n<\/li>\n<\/ul>\n","protected":false},"excerpt":{"rendered":"<p>Savon doux sans huiles essentielles, nettoie en douceur la peau sensible des b\u00e9b\u00e9s. Convient d\u00e8s la naissance.<\/p>\n","protected":false},"featured_media":25367,"comment_status":"open","ping_status":"closed","template":"","meta":[],"product_cat":[243],"product_tag":[],"class_list":{"0":"post-15952","1":"product","2":"type-product","3":"status-publish","4":"has-post-thumbnail","6":"product_cat-bebe-et-maman","8":"first","9":"instock","10":"shipping-taxable","11":"purchasable","12":"product-type-simple"},"jetpack_sharing_enabled":true,"_links":{"self":[{"href":"https:\/\/para-pharmacity.tn\/index.php?rest_route=\/wp\/v2\/product\/15952","targetHints":{"allow":["GET"]}}],"collection":[{"href":"https:\/\/para-pharmacity.tn\/index.php?rest_route=\/wp\/v2\/product"}],"about":[{"href":"https:\/\/para-pharmacity.tn\/index.php?rest_route=\/wp\/v2\/types\/product"}],"replies":[{"embeddable":true,"href":"https:\/\/para-pharmacity.tn\/index.php?rest_route=%2Fwp%2Fv2%2Fcomments&post=15952"}],"version-history":[{"count":2,"href":"https:\/\/para-pharmacity.tn\/index.php?rest_route=\/wp\/v2\/product\/15952\/revisions"}],"predecessor-version":[{"id":25369,"href":"https:\/\/para-pharmacity.tn\/index.php?rest_route=\/wp\/v2\/product\/15952\/revisions\/25369"}],"wp:featuredmedia":[{"embeddable":true,"href":"https:\/\/para-pharmacity.tn\/index.php?rest_route=\/wp\/v2\/media\/25367"}],"wp:attachment":[{"href":"https:\/\/para-pharmacity.tn\/index.php?rest_route=%2Fwp%2Fv2%2Fmedia&parent=15952"}],"wp:term":[{"taxonomy":"product_cat","embeddable":true,"href":"https:\/\/para-pharmacity.tn\/index.php?rest_route=%2Fwp%2Fv2%2Fproduct_cat&post=15952"},{"taxonomy":"product_tag","embeddable":true,"href":"https:\/\/para-pharmacity.tn\/index.php?rest_route=%2Fwp%2Fv2%2Fproduct_tag&post=15952"}],"curies":[{"name":"wp","href":"https:\/\/api.w.org\/{rel}","templated":true}]}}