{"id":15951,"date":"2024-07-10T22:54:21","date_gmt":"2024-07-10T22:54:21","guid":{"rendered":"https:\/\/para-pharmacity.tn\/?product=babirose-lait-de-toilette-250-ml"},"modified":"2025-04-21T09:27:37","modified_gmt":"2025-04-21T09:27:37","slug":"babirose-lait-de-toilette-250-ml","status":"publish","type":"product","link":"https:\/\/para-pharmacity.tn\/?product=babirose-lait-de-toilette-250-ml","title":{"rendered":"BABIROSE LAIT DE TOILETTE 250 ML"},"content":{"rendered":"<p class=\"\" data-start=\"372\" data-end=\"616\">Le Babirose Lait de Toilette 250 ml est formul\u00e9 pour nettoyer d\u00e9licatement la peau fragile des nourrissons et jeunes enfants. Gr\u00e2ce \u00e0 sa formule sans rin\u00e7age enrichie en extrait de calendula, il apaise les rougeurs et pr\u00e9vient les irritations.<\/p>\n<p class=\"\" data-start=\"618\" data-end=\"917\">Id\u00e9al pour le visage, le corps et le si\u00e8ge, ce soin quotidien respecte l\u2019\u00e9quilibre cutan\u00e9 et laisse la peau propre, douce et confortable. Sa texture fluide permet un nettoyage rapide et efficace, sans agresser la peau. Convient d\u00e8s la naissance. Sans savon, sans alcool, et test\u00e9 dermatologiquement.<\/p>\n","protected":false},"excerpt":{"rendered":"<p>Nettoie en douceur la peau sensible de b\u00e9b\u00e9 sans rin\u00e7age. Enrichi en calendula apaisant. Utilisable d\u00e8s la naissance.<\/p>\n","protected":false},"featured_media":25363,"comment_status":"open","ping_status":"closed","template":"","meta":[],"product_cat":[243],"product_tag":[],"class_list":{"0":"post-15951","1":"product","2":"type-product","3":"status-publish","4":"has-post-thumbnail","6":"product_cat-bebe-et-maman","8":"first","9":"instock","10":"shipping-taxable","11":"purchasable","12":"product-type-simple"},"jetpack_sharing_enabled":true,"_links":{"self":[{"href":"https:\/\/para-pharmacity.tn\/index.php?rest_route=\/wp\/v2\/product\/15951","targetHints":{"allow":["GET"]}}],"collection":[{"href":"https:\/\/para-pharmacity.tn\/index.php?rest_route=\/wp\/v2\/product"}],"about":[{"href":"https:\/\/para-pharmacity.tn\/index.php?rest_route=\/wp\/v2\/types\/product"}],"replies":[{"embeddable":true,"href":"https:\/\/para-pharmacity.tn\/index.php?rest_route=%2Fwp%2Fv2%2Fcomments&post=15951"}],"version-history":[{"count":2,"href":"https:\/\/para-pharmacity.tn\/index.php?rest_route=\/wp\/v2\/product\/15951\/revisions"}],"predecessor-version":[{"id":25362,"href":"https:\/\/para-pharmacity.tn\/index.php?rest_route=\/wp\/v2\/product\/15951\/revisions\/25362"}],"wp:featuredmedia":[{"embeddable":true,"href":"https:\/\/para-pharmacity.tn\/index.php?rest_route=\/wp\/v2\/media\/25363"}],"wp:attachment":[{"href":"https:\/\/para-pharmacity.tn\/index.php?rest_route=%2Fwp%2Fv2%2Fmedia&parent=15951"}],"wp:term":[{"taxonomy":"product_cat","embeddable":true,"href":"https:\/\/para-pharmacity.tn\/index.php?rest_route=%2Fwp%2Fv2%2Fproduct_cat&post=15951"},{"taxonomy":"product_tag","embeddable":true,"href":"https:\/\/para-pharmacity.tn\/index.php?rest_route=%2Fwp%2Fv2%2Fproduct_tag&post=15951"}],"curies":[{"name":"wp","href":"https:\/\/api.w.org\/{rel}","templated":true}]}}