{"id":15869,"date":"2024-07-10T22:53:55","date_gmt":"2024-07-10T22:53:55","guid":{"rendered":"https:\/\/para-pharmacity.tn\/?product=arthrogine-30-gellules"},"modified":"2025-04-16T09:22:17","modified_gmt":"2025-04-16T09:22:17","slug":"arthrogine-30-gellules","status":"publish","type":"product","link":"https:\/\/para-pharmacity.tn\/?product=arthrogine-30-gellules","title":{"rendered":"ARTHROGINE 30 GELLULES"},"content":{"rendered":"<p class=\"\" data-start=\"317\" data-end=\"580\">ARTHROGINE est un compl\u00e9ment alimentaire \u00e0 base de plantes r\u00e9put\u00e9es pour leurs bienfaits sur les articulations, les muscles et les tendons. Il aide \u00e0 soulager les douleurs inflammatoires, am\u00e9liore la souplesse articulaire et soutient la r\u00e9cup\u00e9ration musculaire.<\/p>\n<p class=\"\" data-start=\"582\" data-end=\"604\">Sa formule associe :<\/p>\n<ul data-start=\"605\" data-end=\"877\">\n<li class=\"\" data-start=\"605\" data-end=\"669\">\n<p class=\"\" data-start=\"607\" data-end=\"669\"><strong data-start=\"607\" data-end=\"628\">Boswellia serrata<\/strong> : puissant anti-inflammatoire naturel.<\/p>\n<\/li>\n<li class=\"\" data-start=\"670\" data-end=\"727\">\n<p class=\"\" data-start=\"672\" data-end=\"727\"><strong data-start=\"672\" data-end=\"689\">Harpagophytum<\/strong> : favorise la mobilit\u00e9 articulaire.<\/p>\n<\/li>\n<li class=\"\" data-start=\"728\" data-end=\"796\">\n<p class=\"\" data-start=\"730\" data-end=\"796\"><strong data-start=\"730\" data-end=\"741\">Curcuma<\/strong> : reconnu pour ses effets antioxydants et apaisants.<\/p>\n<\/li>\n<li class=\"\" data-start=\"797\" data-end=\"877\">\n<p class=\"\" data-start=\"799\" data-end=\"877\"><strong data-start=\"799\" data-end=\"817\">Reine des pr\u00e9s<\/strong> : aide \u00e0 calmer les douleurs articulaires et musculaires.<\/p>\n<\/li>\n<\/ul>\n<p class=\"\" data-start=\"879\" data-end=\"987\">Id\u00e9al en cas de g\u00eane articulaire chronique, raideurs, ou pour accompagner une activit\u00e9 physique r\u00e9guli\u00e8re.<\/p>\n<p class=\"\" data-start=\"989\" data-end=\"1020\"><strong data-start=\"989\" data-end=\"1018\">Utilisation recommand\u00e9e :<\/strong><\/p>\n<ul data-start=\"1021\" data-end=\"1118\">\n<li class=\"\" data-start=\"1021\" data-end=\"1067\">\n<p class=\"\" data-start=\"1023\" data-end=\"1067\">Phase d\u2019attaque : 2 g\u00e9lules matin et soir.<\/p>\n<\/li>\n<li class=\"\" data-start=\"1068\" data-end=\"1118\">\n<p class=\"\" data-start=\"1070\" data-end=\"1118\">Phase d\u2019entretien : 1 g\u00e9lule, 3 fois par jour.<\/p>\n<\/li>\n<\/ul>\n<p class=\"\" data-start=\"1120\" data-end=\"1139\"><strong data-start=\"1120\" data-end=\"1137\">Pr\u00e9cautions :<\/strong><\/p>\n<ul data-start=\"1140\" data-end=\"1267\">\n<li class=\"\" data-start=\"1140\" data-end=\"1227\">\n<p class=\"\" data-start=\"1142\" data-end=\"1227\">D\u00e9conseill\u00e9 aux femmes enceintes et aux personnes sensibles aux plantes salicyl\u00e9es.<\/p>\n<\/li>\n<li class=\"\" data-start=\"1228\" data-end=\"1267\">\n<p class=\"\" data-start=\"1230\" data-end=\"1267\">\u00c0 conserver \u00e0 l\u2019abri de la chaleur.<\/p>\n<\/li>\n<\/ul>\n<p class=\"\" data-start=\"1269\" data-end=\"1315\"><strong data-start=\"1269\" data-end=\"1290\">Conditionnement :<\/strong><br data-start=\"1290\" data-end=\"1293\" \/>Bo\u00eete de 30 g\u00e9lules.<\/p>\n","protected":false},"excerpt":{"rendered":"<p class=\"\" data-start=\"132\" data-end=\"213\"><span class=\"relative -mx-px my-[-0.2rem] rounded px-px py-[0.2rem] transition-colors duration-100 ease-in-out\">Compl\u00e9ment alimentaire \u00e0 base de plantes, con\u00e7u pour am\u00e9liorer la souplesse et le confort des articulations, muscles et tendons.<\/span><\/p>\n","protected":false},"featured_media":25226,"comment_status":"open","ping_status":"closed","template":"","meta":[],"product_cat":[204],"product_tag":[],"class_list":{"0":"post-15869","1":"product","2":"type-product","3":"status-publish","4":"has-post-thumbnail","6":"product_cat-complement","8":"first","9":"instock","10":"shipping-taxable","11":"purchasable","12":"product-type-simple"},"jetpack_sharing_enabled":true,"_links":{"self":[{"href":"https:\/\/para-pharmacity.tn\/index.php?rest_route=\/wp\/v2\/product\/15869","targetHints":{"allow":["GET"]}}],"collection":[{"href":"https:\/\/para-pharmacity.tn\/index.php?rest_route=\/wp\/v2\/product"}],"about":[{"href":"https:\/\/para-pharmacity.tn\/index.php?rest_route=\/wp\/v2\/types\/product"}],"replies":[{"embeddable":true,"href":"https:\/\/para-pharmacity.tn\/index.php?rest_route=%2Fwp%2Fv2%2Fcomments&post=15869"}],"version-history":[{"count":2,"href":"https:\/\/para-pharmacity.tn\/index.php?rest_route=\/wp\/v2\/product\/15869\/revisions"}],"predecessor-version":[{"id":25227,"href":"https:\/\/para-pharmacity.tn\/index.php?rest_route=\/wp\/v2\/product\/15869\/revisions\/25227"}],"wp:featuredmedia":[{"embeddable":true,"href":"https:\/\/para-pharmacity.tn\/index.php?rest_route=\/wp\/v2\/media\/25226"}],"wp:attachment":[{"href":"https:\/\/para-pharmacity.tn\/index.php?rest_route=%2Fwp%2Fv2%2Fmedia&parent=15869"}],"wp:term":[{"taxonomy":"product_cat","embeddable":true,"href":"https:\/\/para-pharmacity.tn\/index.php?rest_route=%2Fwp%2Fv2%2Fproduct_cat&post=15869"},{"taxonomy":"product_tag","embeddable":true,"href":"https:\/\/para-pharmacity.tn\/index.php?rest_route=%2Fwp%2Fv2%2Fproduct_tag&post=15869"}],"curies":[{"name":"wp","href":"https:\/\/api.w.org\/{rel}","templated":true}]}}