{"id":15856,"date":"2024-07-10T22:53:52","date_gmt":"2024-07-10T22:53:52","guid":{"rendered":"https:\/\/para-pharmacity.tn\/?product=anivagene-shamp-fortifiant-energ-homme"},"modified":"2025-04-16T08:41:10","modified_gmt":"2025-04-16T08:41:10","slug":"anivagene-shamp-fortifiant-energ-homme","status":"publish","type":"product","link":"https:\/\/para-pharmacity.tn\/?product=anivagene-shamp-fortifiant-energ-homme","title":{"rendered":"ANIVAGENE SHAMP FORTIFIANT ENERG HOMME"},"content":{"rendered":"<p class=\"\" data-start=\"362\" data-end=\"691\"><strong data-start=\"362\" data-end=\"414\">ANIVAG\u00c8NE Shampooing Fortifiant \u00c9nergisant Homme<\/strong> est un soin capillaire sp\u00e9cialement formul\u00e9 pour r\u00e9pondre aux besoins des cheveux masculins. Gr\u00e2ce \u00e0 sa combinaison d&rsquo;<strong data-start=\"533\" data-end=\"557\">actifs revitalisants<\/strong> et <strong data-start=\"561\" data-end=\"576\">\u00e9nergisants<\/strong>, ce shampooing lutte contre la <strong data-start=\"608\" data-end=\"628\">chute de cheveux<\/strong>, tout en <strong data-start=\"638\" data-end=\"650\">stimuler<\/strong> leur <strong data-start=\"656\" data-end=\"670\">croissance<\/strong> et leur <strong data-start=\"679\" data-end=\"690\">densit\u00e9<\/strong>.<\/p>\n<p class=\"\" data-start=\"693\" data-end=\"889\">Enrichi en <strong data-start=\"704\" data-end=\"725\">extraits v\u00e9g\u00e9taux<\/strong> et <strong data-start=\"729\" data-end=\"742\">vitamines<\/strong>, il <strong data-start=\"747\" data-end=\"759\">renforce<\/strong> les cheveux d\u00e8s la racine, am\u00e9liore leur r\u00e9sistance et procure une sensation de <strong data-start=\"840\" data-end=\"853\">fra\u00eecheur<\/strong> et de <strong data-start=\"860\" data-end=\"872\">tonicit\u00e9<\/strong> au cuir chevelu.<\/p>\n<p class=\"\" data-start=\"891\" data-end=\"1029\">Sa <strong data-start=\"894\" data-end=\"911\">formule douce<\/strong> et <strong data-start=\"915\" data-end=\"955\">adapt\u00e9e aux cuirs chevelus sensibles<\/strong> nettoie en profondeur tout en respectant l\u2019\u00e9quilibre naturel des cheveux.<\/p>\n<p class=\"\" data-start=\"1031\" data-end=\"1163\"><strong data-start=\"1031\" data-end=\"1046\">Utilisation<\/strong> : Appliquer sur cheveux mouill\u00e9s, masser d\u00e9licatement, puis rincer. Pour un effet optimal, \u00e0 utiliser r\u00e9guli\u00e8rement.<\/p>\n","protected":false},"excerpt":{"rendered":"<p>Shampooing fortifiant pour homme, lutte contre la chute de cheveux et stimule la croissance capillaire gr\u00e2ce \u00e0 ses actifs \u00e9nergisants.<\/p>\n","protected":false},"featured_media":25206,"comment_status":"open","ping_status":"closed","template":"","meta":[],"product_cat":[217],"product_tag":[],"class_list":{"0":"post-15856","1":"product","2":"type-product","3":"status-publish","4":"has-post-thumbnail","6":"product_cat-vitamines","8":"first","9":"instock","10":"shipping-taxable","11":"purchasable","12":"product-type-simple"},"jetpack_sharing_enabled":true,"_links":{"self":[{"href":"https:\/\/para-pharmacity.tn\/index.php?rest_route=\/wp\/v2\/product\/15856","targetHints":{"allow":["GET"]}}],"collection":[{"href":"https:\/\/para-pharmacity.tn\/index.php?rest_route=\/wp\/v2\/product"}],"about":[{"href":"https:\/\/para-pharmacity.tn\/index.php?rest_route=\/wp\/v2\/types\/product"}],"replies":[{"embeddable":true,"href":"https:\/\/para-pharmacity.tn\/index.php?rest_route=%2Fwp%2Fv2%2Fcomments&post=15856"}],"version-history":[{"count":2,"href":"https:\/\/para-pharmacity.tn\/index.php?rest_route=\/wp\/v2\/product\/15856\/revisions"}],"predecessor-version":[{"id":25207,"href":"https:\/\/para-pharmacity.tn\/index.php?rest_route=\/wp\/v2\/product\/15856\/revisions\/25207"}],"wp:featuredmedia":[{"embeddable":true,"href":"https:\/\/para-pharmacity.tn\/index.php?rest_route=\/wp\/v2\/media\/25206"}],"wp:attachment":[{"href":"https:\/\/para-pharmacity.tn\/index.php?rest_route=%2Fwp%2Fv2%2Fmedia&parent=15856"}],"wp:term":[{"taxonomy":"product_cat","embeddable":true,"href":"https:\/\/para-pharmacity.tn\/index.php?rest_route=%2Fwp%2Fv2%2Fproduct_cat&post=15856"},{"taxonomy":"product_tag","embeddable":true,"href":"https:\/\/para-pharmacity.tn\/index.php?rest_route=%2Fwp%2Fv2%2Fproduct_tag&post=15856"}],"curies":[{"name":"wp","href":"https:\/\/api.w.org\/{rel}","templated":true}]}}