{"id":15844,"date":"2024-07-10T22:53:48","date_gmt":"2024-07-10T22:53:48","guid":{"rendered":"https:\/\/para-pharmacity.tn\/?product=alvityl-boost-tonus-bte-20"},"modified":"2025-04-15T16:35:09","modified_gmt":"2025-04-15T16:35:09","slug":"alvityl-boost-tonus-bte-20","status":"publish","type":"product","link":"https:\/\/para-pharmacity.tn\/?product=alvityl-boost-tonus-bte-20","title":{"rendered":"ALVITYL BOOST TONUS BTE 20"},"content":{"rendered":"<p class=\"\" data-start=\"342\" data-end=\"545\"><strong data-start=\"342\" data-end=\"365\">ALVITYL BOOST Tonus<\/strong> est un compl\u00e9ment alimentaire qui associe du <strong data-start=\"411\" data-end=\"422\">ginseng<\/strong>, de la <strong data-start=\"430\" data-end=\"441\">caf\u00e9ine<\/strong> naturelle (guarana) et <strong data-start=\"465\" data-end=\"480\">9 vitamines<\/strong> pour aider \u00e0 retrouver rapidement forme, tonus et concentration.<\/p>\n<p class=\"\" data-start=\"547\" data-end=\"755\">Id\u00e9al en cas de <strong data-start=\"563\" data-end=\"584\">fatigue passag\u00e8re<\/strong>, p\u00e9riode d&rsquo;examens, surcharge de travail ou efforts physiques, ce complexe favorise un regain d\u2019\u00e9nergie imm\u00e9diat tout en stimulant les performances mentales et physiques.<\/p>\n<p class=\"\" data-start=\"757\" data-end=\"903\">Les vitamines B contribuent \u00e0 un m\u00e9tabolisme \u00e9nerg\u00e9tique normal, tandis que le ginseng et la caf\u00e9ine offrent un effet stimulant rapide et durable.<\/p>\n<p class=\"\" data-start=\"905\" data-end=\"970\"><strong data-start=\"905\" data-end=\"918\">Posologie<\/strong> : 1 comprim\u00e9 par jour, le matin ou avant un effort.<\/p>\n","protected":false},"excerpt":{"rendered":"<p>Formule enrichie en caf\u00e9ine, ginseng et vitamines pour un coup de boost imm\u00e9diat en cas de fatigue ou baisse d\u2019\u00e9nergie.<\/p>\n","protected":false},"featured_media":25171,"comment_status":"open","ping_status":"closed","template":"","meta":[],"product_cat":[217],"product_tag":[],"class_list":{"0":"post-15844","1":"product","2":"type-product","3":"status-publish","4":"has-post-thumbnail","6":"product_cat-vitamines","8":"first","9":"instock","10":"shipping-taxable","11":"purchasable","12":"product-type-simple"},"jetpack_sharing_enabled":true,"_links":{"self":[{"href":"https:\/\/para-pharmacity.tn\/index.php?rest_route=\/wp\/v2\/product\/15844","targetHints":{"allow":["GET"]}}],"collection":[{"href":"https:\/\/para-pharmacity.tn\/index.php?rest_route=\/wp\/v2\/product"}],"about":[{"href":"https:\/\/para-pharmacity.tn\/index.php?rest_route=\/wp\/v2\/types\/product"}],"replies":[{"embeddable":true,"href":"https:\/\/para-pharmacity.tn\/index.php?rest_route=%2Fwp%2Fv2%2Fcomments&post=15844"}],"version-history":[{"count":2,"href":"https:\/\/para-pharmacity.tn\/index.php?rest_route=\/wp\/v2\/product\/15844\/revisions"}],"predecessor-version":[{"id":25173,"href":"https:\/\/para-pharmacity.tn\/index.php?rest_route=\/wp\/v2\/product\/15844\/revisions\/25173"}],"wp:featuredmedia":[{"embeddable":true,"href":"https:\/\/para-pharmacity.tn\/index.php?rest_route=\/wp\/v2\/media\/25171"}],"wp:attachment":[{"href":"https:\/\/para-pharmacity.tn\/index.php?rest_route=%2Fwp%2Fv2%2Fmedia&parent=15844"}],"wp:term":[{"taxonomy":"product_cat","embeddable":true,"href":"https:\/\/para-pharmacity.tn\/index.php?rest_route=%2Fwp%2Fv2%2Fproduct_cat&post=15844"},{"taxonomy":"product_tag","embeddable":true,"href":"https:\/\/para-pharmacity.tn\/index.php?rest_route=%2Fwp%2Fv2%2Fproduct_tag&post=15844"}],"curies":[{"name":"wp","href":"https:\/\/api.w.org\/{rel}","templated":true}]}}