{"id":15817,"date":"2024-07-10T22:53:38","date_gmt":"2024-07-10T22:53:38","guid":{"rendered":"https:\/\/para-pharmacity.tn\/?product=almaflore-huile-ess-menthe-poivree"},"modified":"2025-04-15T15:40:29","modified_gmt":"2025-04-15T15:40:29","slug":"almaflore-huile-ess-menthe-poivree","status":"publish","type":"product","link":"https:\/\/para-pharmacity.tn\/?product=almaflore-huile-ess-menthe-poivree","title":{"rendered":"ALMAFLORE HUILE ESS MENTHE POIVREE"},"content":{"rendered":"<p class=\"\" data-start=\"360\" data-end=\"685\">L\u2019huile essentielle de Menthe Poivr\u00e9e ALMAFLORE est une huile 100% pure et naturelle, aux puissants effets rafra\u00eechissants et stimulants. Reconnue pour ses propri\u00e9t\u00e9s analg\u00e9siques, digestives et toniques, elle est id\u00e9ale pour soulager les maux de t\u00eate, les douleurs musculaires, les naus\u00e9es, ou encore les troubles digestifs.<\/p>\n<p class=\"\" data-start=\"687\" data-end=\"850\">Son parfum vif et menthol\u00e9 booste la concentration et l\u2019\u00e9nergie mentale. Elle s\u2019utilise aussi pour d\u00e9gager les voies respiratoires ou rafra\u00eechir en cas de fatigue.<\/p>\n<p class=\"\" data-start=\"852\" data-end=\"1014\"><strong data-start=\"852\" data-end=\"867\">Utilisation<\/strong> : \u00e0 diluer dans une huile v\u00e9g\u00e9tale avant application cutan\u00e9e. Ne pas utiliser chez la femme enceinte, allaitante ou les enfants de moins de 6 ans.<\/p>\n","protected":false},"excerpt":{"rendered":"<p>Huile essentielle 100% pure, rafra\u00eechissante et tonifiante. Soulage les maux de t\u00eate, les naus\u00e9es et favorise la concentration.<\/p>\n","protected":false},"featured_media":25156,"comment_status":"open","ping_status":"closed","template":"","meta":[],"product_cat":[211],"product_tag":[],"class_list":{"0":"post-15817","1":"product","2":"type-product","3":"status-publish","4":"has-post-thumbnail","6":"product_cat-cheveux","8":"first","9":"instock","10":"shipping-taxable","11":"purchasable","12":"product-type-simple"},"jetpack_sharing_enabled":true,"_links":{"self":[{"href":"https:\/\/para-pharmacity.tn\/index.php?rest_route=\/wp\/v2\/product\/15817","targetHints":{"allow":["GET"]}}],"collection":[{"href":"https:\/\/para-pharmacity.tn\/index.php?rest_route=\/wp\/v2\/product"}],"about":[{"href":"https:\/\/para-pharmacity.tn\/index.php?rest_route=\/wp\/v2\/types\/product"}],"replies":[{"embeddable":true,"href":"https:\/\/para-pharmacity.tn\/index.php?rest_route=%2Fwp%2Fv2%2Fcomments&post=15817"}],"version-history":[{"count":2,"href":"https:\/\/para-pharmacity.tn\/index.php?rest_route=\/wp\/v2\/product\/15817\/revisions"}],"predecessor-version":[{"id":25158,"href":"https:\/\/para-pharmacity.tn\/index.php?rest_route=\/wp\/v2\/product\/15817\/revisions\/25158"}],"wp:featuredmedia":[{"embeddable":true,"href":"https:\/\/para-pharmacity.tn\/index.php?rest_route=\/wp\/v2\/media\/25156"}],"wp:attachment":[{"href":"https:\/\/para-pharmacity.tn\/index.php?rest_route=%2Fwp%2Fv2%2Fmedia&parent=15817"}],"wp:term":[{"taxonomy":"product_cat","embeddable":true,"href":"https:\/\/para-pharmacity.tn\/index.php?rest_route=%2Fwp%2Fv2%2Fproduct_cat&post=15817"},{"taxonomy":"product_tag","embeddable":true,"href":"https:\/\/para-pharmacity.tn\/index.php?rest_route=%2Fwp%2Fv2%2Fproduct_tag&post=15817"}],"curies":[{"name":"wp","href":"https:\/\/api.w.org\/{rel}","templated":true}]}}