{"id":15815,"date":"2024-07-10T22:53:38","date_gmt":"2024-07-10T22:53:38","guid":{"rendered":"https:\/\/para-pharmacity.tn\/?product=almaflore-huile-ess-lavande-fine-10"},"modified":"2025-04-15T15:26:09","modified_gmt":"2025-04-15T15:26:09","slug":"almaflore-huile-ess-lavande-fine-10","status":"publish","type":"product","link":"https:\/\/para-pharmacity.tn\/?product=almaflore-huile-ess-lavande-fine-10","title":{"rendered":"ALMAFLORE HUILE ESS LAVANDE FINE 10"},"content":{"rendered":"<p class=\"\" data-start=\"363\" data-end=\"589\">L\u2019huile essentielle de Lavande Fine ALMAFLORE est 100% pure et naturelle, reconnue pour ses vertus apaisantes, cicatrisantes et relaxantes. Elle aide \u00e0 calmer l\u2019anxi\u00e9t\u00e9, favoriser le sommeil et soulager les tensions nerveuses.<\/p>\n<p class=\"\" data-start=\"591\" data-end=\"806\">Elle est \u00e9galement pr\u00e9cieuse pour la peau : elle r\u00e9g\u00e9n\u00e8re les tissus, apaise les br\u00fblures l\u00e9g\u00e8res, les piq\u00fbres d\u2019insectes et aide \u00e0 r\u00e9duire les imperfections. Son parfum doux et floral procure bien-\u00eatre et s\u00e9r\u00e9nit\u00e9.<\/p>\n<p class=\"\" data-start=\"808\" data-end=\"968\"><strong data-start=\"808\" data-end=\"823\">Utilisation<\/strong> : En diffusion, en massage (dilu\u00e9e dans une huile v\u00e9g\u00e9tale) ou en application locale tr\u00e8s douce. Convient \u00e0 toute la famille (sauf nourrissons).<\/p>\n","protected":false},"excerpt":{"rendered":"<p>Huile essentielle 100% pure, calmante et r\u00e9paratrice. Id\u00e9ale pour le stress, le sommeil, les br\u00fblures et les imperfections cutan\u00e9es.<\/p>\n","protected":false},"featured_media":25154,"comment_status":"open","ping_status":"closed","template":"","meta":[],"product_cat":[211],"product_tag":[],"class_list":{"0":"post-15815","1":"product","2":"type-product","3":"status-publish","4":"has-post-thumbnail","6":"product_cat-cheveux","8":"first","9":"instock","10":"shipping-taxable","11":"purchasable","12":"product-type-simple"},"jetpack_sharing_enabled":true,"_links":{"self":[{"href":"https:\/\/para-pharmacity.tn\/index.php?rest_route=\/wp\/v2\/product\/15815","targetHints":{"allow":["GET"]}}],"collection":[{"href":"https:\/\/para-pharmacity.tn\/index.php?rest_route=\/wp\/v2\/product"}],"about":[{"href":"https:\/\/para-pharmacity.tn\/index.php?rest_route=\/wp\/v2\/types\/product"}],"replies":[{"embeddable":true,"href":"https:\/\/para-pharmacity.tn\/index.php?rest_route=%2Fwp%2Fv2%2Fcomments&post=15815"}],"version-history":[{"count":2,"href":"https:\/\/para-pharmacity.tn\/index.php?rest_route=\/wp\/v2\/product\/15815\/revisions"}],"predecessor-version":[{"id":25155,"href":"https:\/\/para-pharmacity.tn\/index.php?rest_route=\/wp\/v2\/product\/15815\/revisions\/25155"}],"wp:featuredmedia":[{"embeddable":true,"href":"https:\/\/para-pharmacity.tn\/index.php?rest_route=\/wp\/v2\/media\/25154"}],"wp:attachment":[{"href":"https:\/\/para-pharmacity.tn\/index.php?rest_route=%2Fwp%2Fv2%2Fmedia&parent=15815"}],"wp:term":[{"taxonomy":"product_cat","embeddable":true,"href":"https:\/\/para-pharmacity.tn\/index.php?rest_route=%2Fwp%2Fv2%2Fproduct_cat&post=15815"},{"taxonomy":"product_tag","embeddable":true,"href":"https:\/\/para-pharmacity.tn\/index.php?rest_route=%2Fwp%2Fv2%2Fproduct_tag&post=15815"}],"curies":[{"name":"wp","href":"https:\/\/api.w.org\/{rel}","templated":true}]}}