{"id":15813,"date":"2024-07-10T22:53:37","date_gmt":"2024-07-10T22:53:37","guid":{"rendered":"https:\/\/para-pharmacity.tn\/?product=almaflore-huile-ess-eucalyptus-glob"},"modified":"2025-04-15T15:17:09","modified_gmt":"2025-04-15T15:17:09","slug":"almaflore-huile-ess-eucalyptus-glob","status":"publish","type":"product","link":"https:\/\/para-pharmacity.tn\/?product=almaflore-huile-ess-eucalyptus-glob","title":{"rendered":"ALMAFLORE HUILE ESS EUCALYPTUS GLOB"},"content":{"rendered":"<p class=\"\" data-start=\"380\" data-end=\"591\">L\u2019huile essentielle d\u2019Eucalyptus Globulus ALMAFLORE est 100% pure et naturelle, extraite des feuilles d\u2019eucalyptus. Elle est largement reconnue pour ses propri\u00e9t\u00e9s purifiantes, d\u00e9congestionnantes et antivirales.<\/p>\n<p class=\"\" data-start=\"593\" data-end=\"863\">Id\u00e9ale pour soulager les sympt\u00f4mes du rhume, de la toux et des congestions nasales, elle aide \u00e9galement \u00e0 stimuler le syst\u00e8me immunitaire et \u00e0 am\u00e9liorer la circulation respiratoire. Son parfum frais et vivifiant en fait une alli\u00e9e pr\u00e9cieuse lors des p\u00e9riodes hivernales.<\/p>\n<p class=\"\" data-start=\"865\" data-end=\"996\"><strong data-start=\"865\" data-end=\"880\">Utilisation<\/strong> : Diffusez quelques gouttes dans l\u2019air ou diluez avec une huile v\u00e9g\u00e9tale pour un massage sur la poitrine ou le dos.<\/p>\n","protected":false},"excerpt":{"rendered":"<p>Huile essentielle 100% pure, purifiante et rafra\u00eechissante. Id\u00e9ale pour les voies respiratoires, soulage les congestions et stimule l\u2019immunit\u00e9.<\/p>\n","protected":false},"featured_media":25151,"comment_status":"open","ping_status":"closed","template":"","meta":[],"product_cat":[211],"product_tag":[],"class_list":{"0":"post-15813","1":"product","2":"type-product","3":"status-publish","4":"has-post-thumbnail","6":"product_cat-cheveux","8":"first","9":"instock","10":"shipping-taxable","11":"purchasable","12":"product-type-simple"},"jetpack_sharing_enabled":true,"_links":{"self":[{"href":"https:\/\/para-pharmacity.tn\/index.php?rest_route=\/wp\/v2\/product\/15813","targetHints":{"allow":["GET"]}}],"collection":[{"href":"https:\/\/para-pharmacity.tn\/index.php?rest_route=\/wp\/v2\/product"}],"about":[{"href":"https:\/\/para-pharmacity.tn\/index.php?rest_route=\/wp\/v2\/types\/product"}],"replies":[{"embeddable":true,"href":"https:\/\/para-pharmacity.tn\/index.php?rest_route=%2Fwp%2Fv2%2Fcomments&post=15813"}],"version-history":[{"count":2,"href":"https:\/\/para-pharmacity.tn\/index.php?rest_route=\/wp\/v2\/product\/15813\/revisions"}],"predecessor-version":[{"id":25152,"href":"https:\/\/para-pharmacity.tn\/index.php?rest_route=\/wp\/v2\/product\/15813\/revisions\/25152"}],"wp:featuredmedia":[{"embeddable":true,"href":"https:\/\/para-pharmacity.tn\/index.php?rest_route=\/wp\/v2\/media\/25151"}],"wp:attachment":[{"href":"https:\/\/para-pharmacity.tn\/index.php?rest_route=%2Fwp%2Fv2%2Fmedia&parent=15813"}],"wp:term":[{"taxonomy":"product_cat","embeddable":true,"href":"https:\/\/para-pharmacity.tn\/index.php?rest_route=%2Fwp%2Fv2%2Fproduct_cat&post=15813"},{"taxonomy":"product_tag","embeddable":true,"href":"https:\/\/para-pharmacity.tn\/index.php?rest_route=%2Fwp%2Fv2%2Fproduct_tag&post=15813"}],"curies":[{"name":"wp","href":"https:\/\/api.w.org\/{rel}","templated":true}]}}