{"id":15799,"date":"2024-07-10T22:53:32","date_gmt":"2024-07-10T22:53:32","guid":{"rendered":"https:\/\/para-pharmacity.tn\/?product=almaflore-huile-de-ortie-50ml"},"modified":"2025-04-15T14:48:23","modified_gmt":"2025-04-15T14:48:23","slug":"almaflore-huile-de-ortie-50ml","status":"publish","type":"product","link":"https:\/\/para-pharmacity.tn\/?product=almaflore-huile-de-ortie-50ml","title":{"rendered":"ALMAFLORE HUILE DE ORTIE 50ML"},"content":{"rendered":"<p class=\"\" data-start=\"382\" data-end=\"614\">L\u2019huile d\u2019ortie ALMAFLORE 50 ml est une huile v\u00e9g\u00e9tale 100% pure, obtenue par mac\u00e9ration des feuilles d\u2019ortie. Riche en min\u00e9raux, vitamines et flavono\u00efdes, elle est connue pour ses propri\u00e9t\u00e9s stimulantes, purifiantes et tonifiantes.<\/p>\n<p class=\"\" data-start=\"616\" data-end=\"885\">Elle aide \u00e0 r\u00e9guler la production de s\u00e9bum, id\u00e9al pour les peaux grasses et \u00e0 tendance acn\u00e9ique. Elle renforce \u00e9galement les cheveux, stimule leur croissance et lutte contre la chute. Cette huile est \u00e9galement b\u00e9n\u00e9fique pour apaiser et tonifier le cuir chevelu fragile.<\/p>\n<p class=\"\" data-start=\"887\" data-end=\"998\"><strong data-start=\"887\" data-end=\"902\">Utilisation<\/strong> : Appliquer quelques gouttes sur le visage ou le cuir chevelu, matin et soir, en massages doux.<\/p>\n","protected":false},"excerpt":{"rendered":"<p>Huile 100% pure, riche en min\u00e9raux et vitamines. Stimule la circulation, renforce les cheveux et purifie la peau. Id\u00e9ale pour peaux grasses et cuir chevelu fragile.<\/p>\n","protected":false},"featured_media":25136,"comment_status":"open","ping_status":"closed","template":"","meta":[],"product_cat":[211],"product_tag":[],"class_list":{"0":"post-15799","1":"product","2":"type-product","3":"status-publish","4":"has-post-thumbnail","6":"product_cat-cheveux","8":"first","9":"instock","10":"shipping-taxable","11":"purchasable","12":"product-type-simple"},"jetpack_sharing_enabled":true,"_links":{"self":[{"href":"https:\/\/para-pharmacity.tn\/index.php?rest_route=\/wp\/v2\/product\/15799","targetHints":{"allow":["GET"]}}],"collection":[{"href":"https:\/\/para-pharmacity.tn\/index.php?rest_route=\/wp\/v2\/product"}],"about":[{"href":"https:\/\/para-pharmacity.tn\/index.php?rest_route=\/wp\/v2\/types\/product"}],"replies":[{"embeddable":true,"href":"https:\/\/para-pharmacity.tn\/index.php?rest_route=%2Fwp%2Fv2%2Fcomments&post=15799"}],"version-history":[{"count":2,"href":"https:\/\/para-pharmacity.tn\/index.php?rest_route=\/wp\/v2\/product\/15799\/revisions"}],"predecessor-version":[{"id":25137,"href":"https:\/\/para-pharmacity.tn\/index.php?rest_route=\/wp\/v2\/product\/15799\/revisions\/25137"}],"wp:featuredmedia":[{"embeddable":true,"href":"https:\/\/para-pharmacity.tn\/index.php?rest_route=\/wp\/v2\/media\/25136"}],"wp:attachment":[{"href":"https:\/\/para-pharmacity.tn\/index.php?rest_route=%2Fwp%2Fv2%2Fmedia&parent=15799"}],"wp:term":[{"taxonomy":"product_cat","embeddable":true,"href":"https:\/\/para-pharmacity.tn\/index.php?rest_route=%2Fwp%2Fv2%2Fproduct_cat&post=15799"},{"taxonomy":"product_tag","embeddable":true,"href":"https:\/\/para-pharmacity.tn\/index.php?rest_route=%2Fwp%2Fv2%2Fproduct_tag&post=15799"}],"curies":[{"name":"wp","href":"https:\/\/api.w.org\/{rel}","templated":true}]}}