{"id":15796,"date":"2024-07-10T22:53:31","date_gmt":"2024-07-10T22:53:31","guid":{"rendered":"https:\/\/para-pharmacity.tn\/?product=almaflore-huile-de-noisette-10-ml"},"modified":"2025-04-15T14:33:18","modified_gmt":"2025-04-15T14:33:18","slug":"almaflore-huile-de-noisette-10-ml","status":"publish","type":"product","link":"https:\/\/para-pharmacity.tn\/?product=almaflore-huile-de-noisette-10-ml","title":{"rendered":"ALMAFLORE HUILE DE NOISETTE 10 ML"},"content":{"rendered":"<p class=\"\" data-start=\"362\" data-end=\"605\">L\u2019huile de noisette ALMAFLORE 10 ml est une huile v\u00e9g\u00e9tale 100% pure, extraite par pression \u00e0 froid. Riche en acides gras essentiels, en vitamine E et en antioxydants, elle hydrate, nourrit et prot\u00e8ge la peau tout en r\u00e9gulant l\u2019exc\u00e8s de s\u00e9bum.<\/p>\n<p class=\"\" data-start=\"607\" data-end=\"823\">Elle est id\u00e9ale pour les peaux s\u00e8ches, sensibles ou sujettes aux imperfections. Elle nourrit en profondeur tout en offrant un toucher l\u00e9ger et non gras. En soin capillaire, elle fortifie les cheveux secs et fragiles.<\/p>\n<p class=\"\" data-start=\"825\" data-end=\"912\"><strong data-start=\"825\" data-end=\"840\">Utilisation<\/strong> : Appliquer quelques gouttes sur la peau ou les cheveux, matin et soir.<\/p>\n","protected":false},"excerpt":{"rendered":"<p>Huile 100% pure, riche en acides gras essentiels. Hydrate, nourrit et prot\u00e8ge la peau et les cheveux. Id\u00e9ale pour peaux s\u00e8ches et sensibles.<\/p>\n","protected":false},"featured_media":25130,"comment_status":"open","ping_status":"closed","template":"","meta":[],"product_cat":[211],"product_tag":[],"class_list":{"0":"post-15796","1":"product","2":"type-product","3":"status-publish","4":"has-post-thumbnail","6":"product_cat-cheveux","8":"first","9":"instock","10":"shipping-taxable","11":"purchasable","12":"product-type-simple"},"jetpack_sharing_enabled":true,"_links":{"self":[{"href":"https:\/\/para-pharmacity.tn\/index.php?rest_route=\/wp\/v2\/product\/15796","targetHints":{"allow":["GET"]}}],"collection":[{"href":"https:\/\/para-pharmacity.tn\/index.php?rest_route=\/wp\/v2\/product"}],"about":[{"href":"https:\/\/para-pharmacity.tn\/index.php?rest_route=\/wp\/v2\/types\/product"}],"replies":[{"embeddable":true,"href":"https:\/\/para-pharmacity.tn\/index.php?rest_route=%2Fwp%2Fv2%2Fcomments&post=15796"}],"version-history":[{"count":2,"href":"https:\/\/para-pharmacity.tn\/index.php?rest_route=\/wp\/v2\/product\/15796\/revisions"}],"predecessor-version":[{"id":25131,"href":"https:\/\/para-pharmacity.tn\/index.php?rest_route=\/wp\/v2\/product\/15796\/revisions\/25131"}],"wp:featuredmedia":[{"embeddable":true,"href":"https:\/\/para-pharmacity.tn\/index.php?rest_route=\/wp\/v2\/media\/25130"}],"wp:attachment":[{"href":"https:\/\/para-pharmacity.tn\/index.php?rest_route=%2Fwp%2Fv2%2Fmedia&parent=15796"}],"wp:term":[{"taxonomy":"product_cat","embeddable":true,"href":"https:\/\/para-pharmacity.tn\/index.php?rest_route=%2Fwp%2Fv2%2Fproduct_cat&post=15796"},{"taxonomy":"product_tag","embeddable":true,"href":"https:\/\/para-pharmacity.tn\/index.php?rest_route=%2Fwp%2Fv2%2Fproduct_tag&post=15796"}],"curies":[{"name":"wp","href":"https:\/\/api.w.org\/{rel}","templated":true}]}}