{"id":15786,"date":"2024-07-10T22:53:28","date_gmt":"2024-07-10T22:53:28","guid":{"rendered":"https:\/\/para-pharmacity.tn\/?product=almaflore-huile-de-figue-barba-50ml"},"modified":"2025-04-15T14:09:13","modified_gmt":"2025-04-15T14:09:13","slug":"almaflore-huile-de-figue-barba-50ml","status":"publish","type":"product","link":"https:\/\/para-pharmacity.tn\/?product=almaflore-huile-de-figue-barba-50ml","title":{"rendered":"ALMAFLORE HUILE DE FIGUE BARBA 50ML"},"content":{"rendered":"<p class=\"\" data-start=\"362\" data-end=\"641\">L&rsquo;huile de figue de barbarie ALMAFLORE 50 ml est un soin rare et pr\u00e9cieux, extrait \u00e0 froid des graines de figue de barbarie. Riche en antioxydants, acides gras essentiels et vitamine E, elle hydrate, r\u00e9g\u00e9n\u00e8re, raffermit la peau et lutte contre les rides, cernes et taches brunes.<\/p>\n<p class=\"\" data-start=\"643\" data-end=\"800\">Id\u00e9ale pour le visage, le contour des yeux, le cou et les cheveux secs. Sa texture l\u00e9g\u00e8re p\u00e9n\u00e8tre rapidement sans effet gras. Convient \u00e0 tous types de peaux.<\/p>\n<p class=\"\" data-start=\"802\" data-end=\"867\"><strong data-start=\"802\" data-end=\"817\">Utilisation<\/strong> : quelques gouttes matin et soir sur peau propre.<\/p>\n","protected":false},"excerpt":{"rendered":"<p>Huile 100% pure et naturelle, riche en vitamine E et om\u00e9ga-6. Anti-\u00e2ge, hydratante et r\u00e9g\u00e9n\u00e9rante. Pour visage, yeux et cheveux.<\/p>\n","protected":false},"featured_media":25117,"comment_status":"open","ping_status":"closed","template":"","meta":[],"product_cat":[211],"product_tag":[],"class_list":{"0":"post-15786","1":"product","2":"type-product","3":"status-publish","4":"has-post-thumbnail","6":"product_cat-cheveux","8":"first","9":"instock","10":"shipping-taxable","11":"purchasable","12":"product-type-simple"},"jetpack_sharing_enabled":true,"_links":{"self":[{"href":"https:\/\/para-pharmacity.tn\/index.php?rest_route=\/wp\/v2\/product\/15786","targetHints":{"allow":["GET"]}}],"collection":[{"href":"https:\/\/para-pharmacity.tn\/index.php?rest_route=\/wp\/v2\/product"}],"about":[{"href":"https:\/\/para-pharmacity.tn\/index.php?rest_route=\/wp\/v2\/types\/product"}],"replies":[{"embeddable":true,"href":"https:\/\/para-pharmacity.tn\/index.php?rest_route=%2Fwp%2Fv2%2Fcomments&post=15786"}],"version-history":[{"count":2,"href":"https:\/\/para-pharmacity.tn\/index.php?rest_route=\/wp\/v2\/product\/15786\/revisions"}],"predecessor-version":[{"id":25119,"href":"https:\/\/para-pharmacity.tn\/index.php?rest_route=\/wp\/v2\/product\/15786\/revisions\/25119"}],"wp:featuredmedia":[{"embeddable":true,"href":"https:\/\/para-pharmacity.tn\/index.php?rest_route=\/wp\/v2\/media\/25117"}],"wp:attachment":[{"href":"https:\/\/para-pharmacity.tn\/index.php?rest_route=%2Fwp%2Fv2%2Fmedia&parent=15786"}],"wp:term":[{"taxonomy":"product_cat","embeddable":true,"href":"https:\/\/para-pharmacity.tn\/index.php?rest_route=%2Fwp%2Fv2%2Fproduct_cat&post=15786"},{"taxonomy":"product_tag","embeddable":true,"href":"https:\/\/para-pharmacity.tn\/index.php?rest_route=%2Fwp%2Fv2%2Fproduct_tag&post=15786"}],"curies":[{"name":"wp","href":"https:\/\/api.w.org\/{rel}","templated":true}]}}