{"id":15785,"date":"2024-07-10T22:53:28","date_gmt":"2024-07-10T22:53:28","guid":{"rendered":"https:\/\/para-pharmacity.tn\/?product=almaflore-huile-de-figue-barb-10-ml"},"modified":"2025-04-15T14:04:58","modified_gmt":"2025-04-15T14:04:58","slug":"almaflore-huile-de-figue-barb-10-ml","status":"publish","type":"product","link":"https:\/\/para-pharmacity.tn\/?product=almaflore-huile-de-figue-barb-10-ml","title":{"rendered":"ALMAFLORE HUILE DE FIGUE BARB 10 ML"},"content":{"rendered":"<p>Huile 100% pure extraite des graines de figue de barbarie. Riche en antioxydants, elle hydrate, r\u00e9g\u00e9n\u00e8re, raffermit et lutte efficacement contre les rides et les taches. Id\u00e9ale pour le visage, le contour des yeux et les cheveux secs.<\/p>\n","protected":false},"excerpt":{"rendered":"<p>Huile pr\u00e9cieuse 100% pure et naturelle, extraite des graines de figue de barbarie. Riche en vitamine E et en acides gras essentiels, elle r\u00e9g\u00e9n\u00e8re, raffermit et illumine la peau.<\/p>\n","protected":false},"featured_media":25115,"comment_status":"open","ping_status":"closed","template":"","meta":[],"product_cat":[211],"product_tag":[],"class_list":{"0":"post-15785","1":"product","2":"type-product","3":"status-publish","4":"has-post-thumbnail","6":"product_cat-cheveux","8":"first","9":"instock","10":"shipping-taxable","11":"purchasable","12":"product-type-simple"},"jetpack_sharing_enabled":true,"_links":{"self":[{"href":"https:\/\/para-pharmacity.tn\/index.php?rest_route=\/wp\/v2\/product\/15785","targetHints":{"allow":["GET"]}}],"collection":[{"href":"https:\/\/para-pharmacity.tn\/index.php?rest_route=\/wp\/v2\/product"}],"about":[{"href":"https:\/\/para-pharmacity.tn\/index.php?rest_route=\/wp\/v2\/types\/product"}],"replies":[{"embeddable":true,"href":"https:\/\/para-pharmacity.tn\/index.php?rest_route=%2Fwp%2Fv2%2Fcomments&post=15785"}],"version-history":[{"count":2,"href":"https:\/\/para-pharmacity.tn\/index.php?rest_route=\/wp\/v2\/product\/15785\/revisions"}],"predecessor-version":[{"id":25116,"href":"https:\/\/para-pharmacity.tn\/index.php?rest_route=\/wp\/v2\/product\/15785\/revisions\/25116"}],"wp:featuredmedia":[{"embeddable":true,"href":"https:\/\/para-pharmacity.tn\/index.php?rest_route=\/wp\/v2\/media\/25115"}],"wp:attachment":[{"href":"https:\/\/para-pharmacity.tn\/index.php?rest_route=%2Fwp%2Fv2%2Fmedia&parent=15785"}],"wp:term":[{"taxonomy":"product_cat","embeddable":true,"href":"https:\/\/para-pharmacity.tn\/index.php?rest_route=%2Fwp%2Fv2%2Fproduct_cat&post=15785"},{"taxonomy":"product_tag","embeddable":true,"href":"https:\/\/para-pharmacity.tn\/index.php?rest_route=%2Fwp%2Fv2%2Fproduct_tag&post=15785"}],"curies":[{"name":"wp","href":"https:\/\/api.w.org\/{rel}","templated":true}]}}