{"id":15784,"date":"2024-07-10T22:53:28","date_gmt":"2024-07-10T22:53:28","guid":{"rendered":"https:\/\/para-pharmacity.tn\/?product=almaflore-huile-de-fenugrec-50ml"},"modified":"2025-04-15T12:05:41","modified_gmt":"2025-04-15T12:05:41","slug":"almaflore-huile-de-fenugrec-50ml","status":"publish","type":"product","link":"https:\/\/para-pharmacity.tn\/?product=almaflore-huile-de-fenugrec-50ml","title":{"rendered":"ALMAFLORE HUILE DE FENUGREC 50ML"},"content":{"rendered":"<p class=\"\" data-start=\"339\" data-end=\"624\">L\u2019<strong data-start=\"341\" data-end=\"372\">huile de fenugrec Almaflore<\/strong> est traditionnellement utilis\u00e9e pour ses effets <strong data-start=\"421\" data-end=\"439\">raffermissants<\/strong> et <strong data-start=\"443\" data-end=\"457\">tonifiants<\/strong>. Riche en <strong data-start=\"468\" data-end=\"487\">phyto\u0153strog\u00e8nes<\/strong>, elle est pris\u00e9e pour <strong data-start=\"510\" data-end=\"532\">galber la poitrine<\/strong>, <strong data-start=\"534\" data-end=\"559\">tonifier les fessiers<\/strong>, mais aussi pour <strong data-start=\"577\" data-end=\"597\">hydrater la peau<\/strong> et <strong data-start=\"601\" data-end=\"623\">stimuler l\u2019app\u00e9tit<\/strong>.<\/p>\n<ul data-start=\"626\" data-end=\"808\">\n<li class=\"\" data-start=\"626\" data-end=\"679\">\n<p class=\"\" data-start=\"628\" data-end=\"679\">Favorise le volume naturel du buste et des fesses<\/p>\n<\/li>\n<li class=\"\" data-start=\"680\" data-end=\"712\">\n<p class=\"\" data-start=\"682\" data-end=\"712\">Nourrit et assouplit la peau<\/p>\n<\/li>\n<li class=\"\" data-start=\"713\" data-end=\"760\">\n<p class=\"\" data-start=\"715\" data-end=\"760\">Aide \u00e0 stimuler la prise de poids naturelle<\/p>\n<\/li>\n<li class=\"\" data-start=\"761\" data-end=\"808\">\n<p class=\"\" data-start=\"763\" data-end=\"808\">Peut \u00eatre utilis\u00e9e en massage cibl\u00e9 quotidien<\/p>\n<\/li>\n<\/ul>\n","protected":false},"excerpt":{"rendered":"<p class=\"\" data-start=\"131\" data-end=\"253\"><strong data-start=\"131\" data-end=\"168\">Almaflore Huile de Fenugrec 50 ml<\/strong><br data-start=\"168\" data-end=\"171\" \/>Huile tonifiante et galbante pour le <strong data-start=\"208\" data-end=\"217\">buste<\/strong>, les <strong data-start=\"223\" data-end=\"235\">fessiers<\/strong> et la <strong data-start=\"242\" data-end=\"250\">peau<\/strong>.<\/p>\n<ul data-start=\"254\" data-end=\"299\">\n<li class=\"\" data-start=\"254\" data-end=\"299\">\n<p class=\"\" data-start=\"256\" data-end=\"299\">Nourrit, raffermit et stimule naturellement<\/p>\n<\/li>\n<\/ul>\n","protected":false},"featured_media":25110,"comment_status":"open","ping_status":"closed","template":"","meta":[],"product_cat":[211],"product_tag":[],"class_list":{"0":"post-15784","1":"product","2":"type-product","3":"status-publish","4":"has-post-thumbnail","6":"product_cat-cheveux","8":"first","9":"instock","10":"shipping-taxable","11":"purchasable","12":"product-type-simple"},"jetpack_sharing_enabled":true,"_links":{"self":[{"href":"https:\/\/para-pharmacity.tn\/index.php?rest_route=\/wp\/v2\/product\/15784","targetHints":{"allow":["GET"]}}],"collection":[{"href":"https:\/\/para-pharmacity.tn\/index.php?rest_route=\/wp\/v2\/product"}],"about":[{"href":"https:\/\/para-pharmacity.tn\/index.php?rest_route=\/wp\/v2\/types\/product"}],"replies":[{"embeddable":true,"href":"https:\/\/para-pharmacity.tn\/index.php?rest_route=%2Fwp%2Fv2%2Fcomments&post=15784"}],"version-history":[{"count":2,"href":"https:\/\/para-pharmacity.tn\/index.php?rest_route=\/wp\/v2\/product\/15784\/revisions"}],"predecessor-version":[{"id":25112,"href":"https:\/\/para-pharmacity.tn\/index.php?rest_route=\/wp\/v2\/product\/15784\/revisions\/25112"}],"wp:featuredmedia":[{"embeddable":true,"href":"https:\/\/para-pharmacity.tn\/index.php?rest_route=\/wp\/v2\/media\/25110"}],"wp:attachment":[{"href":"https:\/\/para-pharmacity.tn\/index.php?rest_route=%2Fwp%2Fv2%2Fmedia&parent=15784"}],"wp:term":[{"taxonomy":"product_cat","embeddable":true,"href":"https:\/\/para-pharmacity.tn\/index.php?rest_route=%2Fwp%2Fv2%2Fproduct_cat&post=15784"},{"taxonomy":"product_tag","embeddable":true,"href":"https:\/\/para-pharmacity.tn\/index.php?rest_route=%2Fwp%2Fv2%2Fproduct_tag&post=15784"}],"curies":[{"name":"wp","href":"https:\/\/api.w.org\/{rel}","templated":true}]}}