{"id":15778,"date":"2024-07-10T22:53:24","date_gmt":"2024-07-10T22:53:24","guid":{"rendered":"https:\/\/para-pharmacity.tn\/?product=almaflore-huile-d-argan-10-ml"},"modified":"2025-04-15T11:33:19","modified_gmt":"2025-04-15T11:33:19","slug":"almaflore-huile-d-argan-10-ml","status":"publish","type":"product","link":"https:\/\/para-pharmacity.tn\/?product=almaflore-huile-d-argan-10-ml","title":{"rendered":"ALMAFLORE HUILE D ARGAN 10 ML"},"content":{"rendered":"<p class=\"\" data-start=\"127\" data-end=\"254\"><strong data-start=\"127\" data-end=\"160\">Almaflore Huile d\u2019Argan 10 ml<\/strong><br data-start=\"160\" data-end=\"163\" \/>Huile pr\u00e9cieuse pour <strong data-start=\"184\" data-end=\"196\">hydrater<\/strong>, <strong data-start=\"198\" data-end=\"209\">nourrir<\/strong> et <strong data-start=\"213\" data-end=\"228\">revitaliser<\/strong> la peau et les cheveux.<\/p>\n<ul data-start=\"255\" data-end=\"323\">\n<li class=\"\" data-start=\"255\" data-end=\"298\">\n<p class=\"\" data-start=\"257\" data-end=\"298\">Riche en <strong data-start=\"266\" data-end=\"280\">vitamine E<\/strong> et antioxydants<\/p>\n<\/li>\n<li class=\"\" data-start=\"299\" data-end=\"323\">\n<p class=\"\" data-start=\"301\" data-end=\"323\">100% pure et naturelle<\/p>\n<\/li>\n<\/ul>\n","protected":false},"excerpt":{"rendered":"<p class=\"\" data-start=\"363\" data-end=\"718\">L\u2019<strong data-start=\"365\" data-end=\"392\">huile d\u2019argan Almaflore<\/strong> est un soin multi-usage d\u2019exception, riche en <strong data-start=\"439\" data-end=\"465\">acides gras essentiels<\/strong> et <strong data-start=\"469\" data-end=\"483\">vitamine E<\/strong>, reconnue pour ses bienfaits <strong data-start=\"513\" data-end=\"525\">anti-\u00e2ge<\/strong>, <strong data-start=\"527\" data-end=\"541\">hydratants<\/strong> et <strong data-start=\"545\" data-end=\"560\">r\u00e9parateurs<\/strong>. Id\u00e9ale pour la peau, les cheveux, les ongles et m\u00eame les l\u00e8vres, elle prot\u00e8ge et nourrit en profondeur tout en apportant <strong data-start=\"683\" data-end=\"696\">souplesse<\/strong> et <strong data-start=\"700\" data-end=\"717\">\u00e9clat naturel<\/strong>.<\/p>\n<ul data-start=\"720\" data-end=\"869\">\n<li class=\"\" data-start=\"720\" data-end=\"765\">\n<p class=\"\" data-start=\"722\" data-end=\"765\">Lutte contre le <strong data-start=\"738\" data-end=\"763\">vieillissement cutan\u00e9<\/strong><\/p>\n<\/li>\n<li class=\"\" data-start=\"766\" data-end=\"803\">\n<p class=\"\" data-start=\"768\" data-end=\"803\">R\u00e9pare les cheveux secs et ab\u00eem\u00e9s<\/p>\n<\/li>\n<li class=\"\" data-start=\"804\" data-end=\"836\">\n<p class=\"\" data-start=\"806\" data-end=\"836\">Renforce les ongles cassants<\/p>\n<\/li>\n<li class=\"\" data-start=\"837\" data-end=\"869\">\n<p class=\"\" data-start=\"839\" data-end=\"869\">Convient \u00e0 tous types de peaux<\/p>\n<\/li>\n<\/ul>\n","protected":false},"featured_media":25089,"comment_status":"open","ping_status":"closed","template":"","meta":[],"product_cat":[211],"product_tag":[],"class_list":{"0":"post-15778","1":"product","2":"type-product","3":"status-publish","4":"has-post-thumbnail","6":"product_cat-cheveux","8":"first","9":"instock","10":"shipping-taxable","11":"purchasable","12":"product-type-simple"},"jetpack_sharing_enabled":true,"_links":{"self":[{"href":"https:\/\/para-pharmacity.tn\/index.php?rest_route=\/wp\/v2\/product\/15778","targetHints":{"allow":["GET"]}}],"collection":[{"href":"https:\/\/para-pharmacity.tn\/index.php?rest_route=\/wp\/v2\/product"}],"about":[{"href":"https:\/\/para-pharmacity.tn\/index.php?rest_route=\/wp\/v2\/types\/product"}],"replies":[{"embeddable":true,"href":"https:\/\/para-pharmacity.tn\/index.php?rest_route=%2Fwp%2Fv2%2Fcomments&post=15778"}],"version-history":[{"count":2,"href":"https:\/\/para-pharmacity.tn\/index.php?rest_route=\/wp\/v2\/product\/15778\/revisions"}],"predecessor-version":[{"id":25091,"href":"https:\/\/para-pharmacity.tn\/index.php?rest_route=\/wp\/v2\/product\/15778\/revisions\/25091"}],"wp:featuredmedia":[{"embeddable":true,"href":"https:\/\/para-pharmacity.tn\/index.php?rest_route=\/wp\/v2\/media\/25089"}],"wp:attachment":[{"href":"https:\/\/para-pharmacity.tn\/index.php?rest_route=%2Fwp%2Fv2%2Fmedia&parent=15778"}],"wp:term":[{"taxonomy":"product_cat","embeddable":true,"href":"https:\/\/para-pharmacity.tn\/index.php?rest_route=%2Fwp%2Fv2%2Fproduct_cat&post=15778"},{"taxonomy":"product_tag","embeddable":true,"href":"https:\/\/para-pharmacity.tn\/index.php?rest_route=%2Fwp%2Fv2%2Fproduct_tag&post=15778"}],"curies":[{"name":"wp","href":"https:\/\/api.w.org\/{rel}","templated":true}]}}