{"id":15775,"date":"2024-07-10T22:53:24","date_gmt":"2024-07-10T22:53:24","guid":{"rendered":"https:\/\/para-pharmacity.tn\/?product=almaflore-huile-d-ail-50ml"},"modified":"2025-04-15T11:26:32","modified_gmt":"2025-04-15T11:26:32","slug":"almaflore-huile-d-ail-50ml","status":"publish","type":"product","link":"https:\/\/para-pharmacity.tn\/?product=almaflore-huile-d-ail-50ml","title":{"rendered":"ALMAFLORE HUILE D AIL 50ML"},"content":{"rendered":"<p class=\"\" data-start=\"350\" data-end=\"737\"><strong data-start=\"350\" data-end=\"377\">L\u2019huile d\u2019ail Almaflore<\/strong> est une huile v\u00e9g\u00e9tale aux vertus reconnues pour le <strong data-start=\"430\" data-end=\"446\">cuir chevelu<\/strong> et la <strong data-start=\"453\" data-end=\"461\">peau<\/strong>. Riche en compos\u00e9s soufr\u00e9s, elle aide \u00e0 <strong data-start=\"502\" data-end=\"538\">stimuler la circulation sanguine<\/strong>, <strong data-start=\"540\" data-end=\"580\">renforcer les follicules capillaires<\/strong> et <strong data-start=\"584\" data-end=\"609\">favoriser la repousse<\/strong>. Elle poss\u00e8de \u00e9galement des <strong data-start=\"638\" data-end=\"686\">propri\u00e9t\u00e9s antifongiques et antibact\u00e9riennes<\/strong>, id\u00e9ales pour purifier la peau ou le cuir chevelu.<\/p>\n<ul data-start=\"739\" data-end=\"956\">\n<li class=\"\" data-start=\"739\" data-end=\"803\">\n<p class=\"\" data-start=\"741\" data-end=\"803\">Stimule la <strong data-start=\"752\" data-end=\"778\">croissance des cheveux<\/strong> et r\u00e9duit la <strong data-start=\"792\" data-end=\"801\">chute<\/strong><\/p>\n<\/li>\n<li class=\"\" data-start=\"804\" data-end=\"857\">\n<p class=\"\" data-start=\"806\" data-end=\"857\">\u00c9limine les pellicules et purifie le cuir chevelu<\/p>\n<\/li>\n<li class=\"\" data-start=\"858\" data-end=\"924\">\n<p class=\"\" data-start=\"860\" data-end=\"924\">Peut \u00eatre utilis\u00e9e pour traiter les <strong data-start=\"896\" data-end=\"922\">imperfections cutan\u00e9es<\/strong><\/p>\n<\/li>\n<li class=\"\" data-start=\"925\" data-end=\"956\">\n<p class=\"\" data-start=\"927\" data-end=\"956\">100% naturelle, sans additifs<\/p>\n<\/li>\n<\/ul>\n","protected":false},"excerpt":{"rendered":"<p class=\"\" data-start=\"125\" data-end=\"225\">Huile fortifiante naturelle pour les <strong data-start=\"196\" data-end=\"207\">cheveux<\/strong> et la <strong data-start=\"214\" data-end=\"222\">peau<\/strong>.<\/p>\n<ul data-start=\"226\" data-end=\"310\">\n<li class=\"\" data-start=\"226\" data-end=\"263\">\n<p class=\"\" data-start=\"228\" data-end=\"263\">Stimule la <strong data-start=\"239\" data-end=\"261\">pousse des cheveux<\/strong><\/p>\n<\/li>\n<li class=\"\" data-start=\"264\" data-end=\"310\">\n<p class=\"\" data-start=\"266\" data-end=\"310\">Action <strong data-start=\"273\" data-end=\"287\">purifiante<\/strong> et <strong data-start=\"291\" data-end=\"310\">antibact\u00e9rienne<\/strong><\/p>\n<\/li>\n<\/ul>\n","protected":false},"featured_media":25083,"comment_status":"open","ping_status":"closed","template":"","meta":[],"product_cat":[211],"product_tag":[],"class_list":{"0":"post-15775","1":"product","2":"type-product","3":"status-publish","4":"has-post-thumbnail","6":"product_cat-cheveux","8":"first","9":"instock","10":"shipping-taxable","11":"purchasable","12":"product-type-simple"},"jetpack_sharing_enabled":true,"_links":{"self":[{"href":"https:\/\/para-pharmacity.tn\/index.php?rest_route=\/wp\/v2\/product\/15775","targetHints":{"allow":["GET"]}}],"collection":[{"href":"https:\/\/para-pharmacity.tn\/index.php?rest_route=\/wp\/v2\/product"}],"about":[{"href":"https:\/\/para-pharmacity.tn\/index.php?rest_route=\/wp\/v2\/types\/product"}],"replies":[{"embeddable":true,"href":"https:\/\/para-pharmacity.tn\/index.php?rest_route=%2Fwp%2Fv2%2Fcomments&post=15775"}],"version-history":[{"count":2,"href":"https:\/\/para-pharmacity.tn\/index.php?rest_route=\/wp\/v2\/product\/15775\/revisions"}],"predecessor-version":[{"id":25085,"href":"https:\/\/para-pharmacity.tn\/index.php?rest_route=\/wp\/v2\/product\/15775\/revisions\/25085"}],"wp:featuredmedia":[{"embeddable":true,"href":"https:\/\/para-pharmacity.tn\/index.php?rest_route=\/wp\/v2\/media\/25083"}],"wp:attachment":[{"href":"https:\/\/para-pharmacity.tn\/index.php?rest_route=%2Fwp%2Fv2%2Fmedia&parent=15775"}],"wp:term":[{"taxonomy":"product_cat","embeddable":true,"href":"https:\/\/para-pharmacity.tn\/index.php?rest_route=%2Fwp%2Fv2%2Fproduct_cat&post=15775"},{"taxonomy":"product_tag","embeddable":true,"href":"https:\/\/para-pharmacity.tn\/index.php?rest_route=%2Fwp%2Fv2%2Fproduct_tag&post=15775"}],"curies":[{"name":"wp","href":"https:\/\/api.w.org\/{rel}","templated":true}]}}