{"id":15716,"date":"2024-07-10T22:53:05","date_gmt":"2024-07-10T22:53:05","guid":{"rendered":"https:\/\/para-pharmacity.tn\/?product=aleonat-aleogine-15-gellules"},"modified":"2025-04-15T10:00:22","modified_gmt":"2025-04-15T10:00:22","slug":"aleonat-aleogine-15-gellules","status":"publish","type":"product","link":"https:\/\/para-pharmacity.tn\/?product=aleonat-aleogine-15-gellules","title":{"rendered":"ALEONAT ALEOGINE 15 GELLULES"},"content":{"rendered":"<p class=\"\" data-start=\"123\" data-end=\"284\"><strong data-start=\"123\" data-end=\"154\">Aleonat Aleogine 15 G\u00e9lules<\/strong><br data-start=\"154\" data-end=\"157\" \/>Compl\u00e9ment naturel \u00e0 base d\u2019<strong data-start=\"185\" data-end=\"198\">Aloe vera<\/strong>, pour renforcer les <strong data-start=\"219\" data-end=\"244\">d\u00e9fenses immunitaires<\/strong> et favoriser le <strong data-start=\"261\" data-end=\"281\">confort digestif<\/strong>.<\/p>\n<p class=\"\" data-start=\"287\" data-end=\"312\">Bo\u00eete de <strong data-start=\"296\" data-end=\"310\">15 g\u00e9lules<\/strong><\/p>\n<p class=\"\" data-start=\"315\" data-end=\"355\"><strong data-start=\"315\" data-end=\"353\">Action purifiante et revitalisante<\/strong><\/p>\n<p class=\"\" data-start=\"358\" data-end=\"411\">Soutient la <strong data-start=\"370\" data-end=\"383\">digestion<\/strong> et le <strong data-start=\"390\" data-end=\"411\">bien-\u00eatre g\u00e9n\u00e9ral<\/strong><\/p>\n","protected":false},"excerpt":{"rendered":"<p class=\"\" data-start=\"449\" data-end=\"907\"><strong data-start=\"449\" data-end=\"480\">Aleonat Aleogine 15 G\u00e9lules<\/strong><br data-start=\"480\" data-end=\"483\" \/>Aleogine est un compl\u00e9ment alimentaire formul\u00e9 \u00e0 base d\u2019<strong data-start=\"539\" data-end=\"552\">Aloe vera<\/strong>, plante reconnue pour ses vertus <strong data-start=\"586\" data-end=\"603\">d\u00e9toxifiantes<\/strong>, <strong data-start=\"605\" data-end=\"619\">digestives<\/strong> et <strong data-start=\"623\" data-end=\"664\">renfor\u00e7atrices du syst\u00e8me immunitaire<\/strong>. Gr\u00e2ce \u00e0 ses propri\u00e9t\u00e9s naturelles, il aide \u00e0 purifier l\u2019organisme, am\u00e9liorer le <strong data-start=\"746\" data-end=\"768\">confort intestinal<\/strong> et stimuler la <strong data-start=\"784\" data-end=\"796\">vitalit\u00e9<\/strong>. Ce produit est id\u00e9al en cas de <strong data-start=\"829\" data-end=\"840\">fatigue<\/strong>, <strong data-start=\"842\" data-end=\"864\">troubles digestifs<\/strong> ou pour accompagner une cure de <strong data-start=\"897\" data-end=\"906\">d\u00e9tox<\/strong>.<\/p>\n<p class=\"\" data-start=\"911\" data-end=\"945\">\u00c0 base d\u2019<strong data-start=\"920\" data-end=\"933\">Aloe vera<\/strong> concentr\u00e9<\/p>\n<p class=\"\" data-start=\"948\" data-end=\"1002\">Aide \u00e0 la <strong data-start=\"958\" data-end=\"971\">digestion<\/strong> et au <strong data-start=\"978\" data-end=\"1000\">transit intestinal<\/strong><\/p>\n<p class=\"\" data-start=\"1005\" data-end=\"1042\">Stimule les <strong data-start=\"1017\" data-end=\"1040\">d\u00e9fenses naturelles<\/strong><\/p>\n<p class=\"\" data-start=\"1045\" data-end=\"1085\">Bo\u00eete de <strong data-start=\"1054\" data-end=\"1068\">15 g\u00e9lules<\/strong> faciles \u00e0 avaler<\/p>\n","protected":false},"featured_media":25050,"comment_status":"open","ping_status":"closed","template":"","meta":[],"product_cat":[204],"product_tag":[],"class_list":{"0":"post-15716","1":"product","2":"type-product","3":"status-publish","4":"has-post-thumbnail","6":"product_cat-complement","8":"first","9":"instock","10":"shipping-taxable","11":"purchasable","12":"product-type-simple"},"jetpack_sharing_enabled":true,"_links":{"self":[{"href":"https:\/\/para-pharmacity.tn\/index.php?rest_route=\/wp\/v2\/product\/15716","targetHints":{"allow":["GET"]}}],"collection":[{"href":"https:\/\/para-pharmacity.tn\/index.php?rest_route=\/wp\/v2\/product"}],"about":[{"href":"https:\/\/para-pharmacity.tn\/index.php?rest_route=\/wp\/v2\/types\/product"}],"replies":[{"embeddable":true,"href":"https:\/\/para-pharmacity.tn\/index.php?rest_route=%2Fwp%2Fv2%2Fcomments&post=15716"}],"version-history":[{"count":2,"href":"https:\/\/para-pharmacity.tn\/index.php?rest_route=\/wp\/v2\/product\/15716\/revisions"}],"predecessor-version":[{"id":25052,"href":"https:\/\/para-pharmacity.tn\/index.php?rest_route=\/wp\/v2\/product\/15716\/revisions\/25052"}],"wp:featuredmedia":[{"embeddable":true,"href":"https:\/\/para-pharmacity.tn\/index.php?rest_route=\/wp\/v2\/media\/25050"}],"wp:attachment":[{"href":"https:\/\/para-pharmacity.tn\/index.php?rest_route=%2Fwp%2Fv2%2Fmedia&parent=15716"}],"wp:term":[{"taxonomy":"product_cat","embeddable":true,"href":"https:\/\/para-pharmacity.tn\/index.php?rest_route=%2Fwp%2Fv2%2Fproduct_cat&post=15716"},{"taxonomy":"product_tag","embeddable":true,"href":"https:\/\/para-pharmacity.tn\/index.php?rest_route=%2Fwp%2Fv2%2Fproduct_tag&post=15716"}],"curies":[{"name":"wp","href":"https:\/\/api.w.org\/{rel}","templated":true}]}}