{"id":15711,"date":"2024-07-10T22:53:04","date_gmt":"2024-07-10T22:53:04","guid":{"rendered":"https:\/\/para-pharmacity.tn\/?product=aktiv-vital-yeux-b-30-gelules"},"modified":"2025-04-14T13:18:45","modified_gmt":"2025-04-14T13:18:45","slug":"aktiv-vital-yeux-b-30-gelules","status":"publish","type":"product","link":"https:\/\/para-pharmacity.tn\/?product=aktiv-vital-yeux-b-30-gelules","title":{"rendered":"AKTIV VITAL YEUX B\/30 GELULES"},"content":{"rendered":"<p class=\"\" data-start=\"488\" data-end=\"878\"><strong data-start=\"488\" data-end=\"521\">AKTIV VITAL YEUX B\/30 G\u00e9lules<\/strong><br data-start=\"521\" data-end=\"524\" \/>Un compl\u00e9ment sp\u00e9cialement con\u00e7u pour soutenir la <strong data-start=\"574\" data-end=\"592\">sant\u00e9 oculaire<\/strong> et maintenir une <strong data-start=\"610\" data-end=\"626\">bonne vision<\/strong> au quotidien. Gr\u00e2ce \u00e0 une formule enrichie en <strong data-start=\"673\" data-end=\"687\">vitamine A<\/strong>, <strong data-start=\"689\" data-end=\"697\">zinc<\/strong>, <strong data-start=\"699\" data-end=\"710\">luteine<\/strong>, et <strong data-start=\"715\" data-end=\"732\">b\u00eata-carot\u00e8ne<\/strong>, ce compl\u00e9ment aide \u00e0 prot\u00e9ger les yeux des <strong data-start=\"777\" data-end=\"796\">radicaux libres<\/strong> et \u00e0 pr\u00e9venir les troubles li\u00e9s \u00e0 l\u2019\u00e2ge ou \u00e0 une exposition prolong\u00e9e aux \u00e9crans.<\/p>\n<ul data-start=\"880\" data-end=\"1134\">\n<li class=\"\" data-start=\"880\" data-end=\"958\">\n<p class=\"\" data-start=\"882\" data-end=\"958\"><strong data-start=\"882\" data-end=\"908\">Luteine et z\u00e9axanthine<\/strong> : antioxydants naturels pour prot\u00e9ger la r\u00e9tine<\/p>\n<\/li>\n<li class=\"\" data-start=\"959\" data-end=\"1043\">\n<p class=\"\" data-start=\"961\" data-end=\"1043\"><strong data-start=\"961\" data-end=\"992\">B\u00eata-carot\u00e8ne et vitamine A<\/strong> : contribuent \u00e0 maintenir une <strong data-start=\"1023\" data-end=\"1041\">vision normale<\/strong><\/p>\n<\/li>\n<li class=\"\" data-start=\"1044\" data-end=\"1134\">\n<p class=\"\" data-start=\"1046\" data-end=\"1134\"><strong data-start=\"1046\" data-end=\"1054\">Zinc<\/strong> : soutient le bon fonctionnement de la vision et prot\u00e8ge les cellules oculaires<\/p>\n<\/li>\n<\/ul>\n","protected":false},"excerpt":{"rendered":"<p class=\"\" data-start=\"119\" data-end=\"217\"><strong data-start=\"119\" data-end=\"152\">AKTIV VITAL YEUX B\/30 G\u00e9lules<\/strong><br data-start=\"152\" data-end=\"155\" \/>Compl\u00e9ment alimentaire pour maintenir la <strong data-start=\"196\" data-end=\"214\">sant\u00e9 des yeux<\/strong>.<\/p>\n<ul data-start=\"218\" data-end=\"451\">\n<li class=\"\" data-start=\"218\" data-end=\"291\">\n<p class=\"\" data-start=\"220\" data-end=\"291\">Enrichi en <strong data-start=\"231\" data-end=\"245\">vitamine A<\/strong>, <strong data-start=\"247\" data-end=\"255\">zinc<\/strong>, <strong data-start=\"257\" data-end=\"268\">luteine<\/strong> et <strong data-start=\"272\" data-end=\"289\">b\u00eata-carot\u00e8ne<\/strong><\/p>\n<\/li>\n<li class=\"\" data-start=\"292\" data-end=\"380\">\n<p class=\"\" data-start=\"294\" data-end=\"380\">Aide \u00e0 prot\u00e9ger les yeux des <strong data-start=\"323\" data-end=\"342\">radicaux libres<\/strong> et \u00e0 maintenir une <strong data-start=\"362\" data-end=\"378\">bonne vision<\/strong><\/p>\n<\/li>\n<li class=\"\" data-start=\"381\" data-end=\"451\">\n<p class=\"\" data-start=\"383\" data-end=\"451\">Id\u00e9al pour les personnes expos\u00e9es aux \u00e9crans ou \u00e0 la lumi\u00e8re intense<\/p>\n<\/li>\n<\/ul>\n","protected":false},"featured_media":25021,"comment_status":"open","ping_status":"closed","template":"","meta":[],"product_cat":[204,202],"product_tag":[],"class_list":{"0":"post-15711","1":"product","2":"type-product","3":"status-publish","4":"has-post-thumbnail","6":"product_cat-complement","7":"product_cat-consommable","9":"first","10":"instock","11":"shipping-taxable","12":"purchasable","13":"product-type-simple"},"jetpack_sharing_enabled":true,"_links":{"self":[{"href":"https:\/\/para-pharmacity.tn\/index.php?rest_route=\/wp\/v2\/product\/15711","targetHints":{"allow":["GET"]}}],"collection":[{"href":"https:\/\/para-pharmacity.tn\/index.php?rest_route=\/wp\/v2\/product"}],"about":[{"href":"https:\/\/para-pharmacity.tn\/index.php?rest_route=\/wp\/v2\/types\/product"}],"replies":[{"embeddable":true,"href":"https:\/\/para-pharmacity.tn\/index.php?rest_route=%2Fwp%2Fv2%2Fcomments&post=15711"}],"version-history":[{"count":2,"href":"https:\/\/para-pharmacity.tn\/index.php?rest_route=\/wp\/v2\/product\/15711\/revisions"}],"predecessor-version":[{"id":25023,"href":"https:\/\/para-pharmacity.tn\/index.php?rest_route=\/wp\/v2\/product\/15711\/revisions\/25023"}],"wp:featuredmedia":[{"embeddable":true,"href":"https:\/\/para-pharmacity.tn\/index.php?rest_route=\/wp\/v2\/media\/25021"}],"wp:attachment":[{"href":"https:\/\/para-pharmacity.tn\/index.php?rest_route=%2Fwp%2Fv2%2Fmedia&parent=15711"}],"wp:term":[{"taxonomy":"product_cat","embeddable":true,"href":"https:\/\/para-pharmacity.tn\/index.php?rest_route=%2Fwp%2Fv2%2Fproduct_cat&post=15711"},{"taxonomy":"product_tag","embeddable":true,"href":"https:\/\/para-pharmacity.tn\/index.php?rest_route=%2Fwp%2Fv2%2Fproduct_tag&post=15711"}],"curies":[{"name":"wp","href":"https:\/\/api.w.org\/{rel}","templated":true}]}}