{"id":15709,"date":"2024-07-10T22:53:03","date_gmt":"2024-07-10T22:53:03","guid":{"rendered":"https:\/\/para-pharmacity.tn\/?product=aktiv-vifertile-pour-lui"},"modified":"2025-04-14T13:10:06","modified_gmt":"2025-04-14T13:10:06","slug":"aktiv-vifertile-pour-lui","status":"publish","type":"product","link":"https:\/\/para-pharmacity.tn\/?product=aktiv-vifertile-pour-lui","title":{"rendered":"AKTIV VIFERTILE POUR LUI"},"content":{"rendered":"<p class=\"\" data-start=\"75\" data-end=\"169\"><strong data-start=\"75\" data-end=\"103\">AKTIV Vifertile Pour Lui<\/strong><br data-start=\"103\" data-end=\"106\" \/>Compl\u00e9ment alimentaire favorisant la <strong data-start=\"143\" data-end=\"166\">fertilit\u00e9 masculine<\/strong>.<\/p>\n<ul data-start=\"170\" data-end=\"376\">\n<li class=\"\" data-start=\"170\" data-end=\"252\">\n<p class=\"\" data-start=\"172\" data-end=\"252\">Enrichi en <strong data-start=\"183\" data-end=\"191\">zinc<\/strong>, <strong data-start=\"193\" data-end=\"205\">s\u00e9l\u00e9nium<\/strong>, <strong data-start=\"207\" data-end=\"223\">antioxydants<\/strong> et <strong data-start=\"227\" data-end=\"250\">plantes tonifiantes<\/strong><\/p>\n<\/li>\n<li class=\"\" data-start=\"253\" data-end=\"332\">\n<p class=\"\" data-start=\"255\" data-end=\"332\">Soutient la <strong data-start=\"267\" data-end=\"285\">spermatogen\u00e8se<\/strong>, l\u2019<strong data-start=\"289\" data-end=\"311\">\u00e9quilibre hormonal<\/strong> et la <strong data-start=\"318\" data-end=\"330\">vitalit\u00e9<\/strong><\/p>\n<\/li>\n<li class=\"\" data-start=\"333\" data-end=\"376\">\n<p class=\"\" data-start=\"335\" data-end=\"376\">Id\u00e9al en p\u00e9riode de d\u00e9sir de conception<\/p>\n<\/li>\n<\/ul>\n","protected":false},"excerpt":{"rendered":"<p>AKTIV Vifertile Pour LuiCompl\u00e9ment alimentaire favorisant la fertilit\u00e9 masculine. Enrichi en zinc, s\u00e9l\u00e9nium, antioxydants et plantes tonifiantes Soutient la spermatogen\u00e8se,<\/p>\n","protected":false},"featured_media":25015,"comment_status":"open","ping_status":"closed","template":"","meta":[],"product_cat":[204],"product_tag":[],"class_list":{"0":"post-15709","1":"product","2":"type-product","3":"status-publish","4":"has-post-thumbnail","6":"product_cat-complement","8":"first","9":"instock","10":"shipping-taxable","11":"purchasable","12":"product-type-simple"},"jetpack_sharing_enabled":true,"_links":{"self":[{"href":"https:\/\/para-pharmacity.tn\/index.php?rest_route=\/wp\/v2\/product\/15709","targetHints":{"allow":["GET"]}}],"collection":[{"href":"https:\/\/para-pharmacity.tn\/index.php?rest_route=\/wp\/v2\/product"}],"about":[{"href":"https:\/\/para-pharmacity.tn\/index.php?rest_route=\/wp\/v2\/types\/product"}],"replies":[{"embeddable":true,"href":"https:\/\/para-pharmacity.tn\/index.php?rest_route=%2Fwp%2Fv2%2Fcomments&post=15709"}],"version-history":[{"count":2,"href":"https:\/\/para-pharmacity.tn\/index.php?rest_route=\/wp\/v2\/product\/15709\/revisions"}],"predecessor-version":[{"id":25017,"href":"https:\/\/para-pharmacity.tn\/index.php?rest_route=\/wp\/v2\/product\/15709\/revisions\/25017"}],"wp:featuredmedia":[{"embeddable":true,"href":"https:\/\/para-pharmacity.tn\/index.php?rest_route=\/wp\/v2\/media\/25015"}],"wp:attachment":[{"href":"https:\/\/para-pharmacity.tn\/index.php?rest_route=%2Fwp%2Fv2%2Fmedia&parent=15709"}],"wp:term":[{"taxonomy":"product_cat","embeddable":true,"href":"https:\/\/para-pharmacity.tn\/index.php?rest_route=%2Fwp%2Fv2%2Fproduct_cat&post=15709"},{"taxonomy":"product_tag","embeddable":true,"href":"https:\/\/para-pharmacity.tn\/index.php?rest_route=%2Fwp%2Fv2%2Fproduct_tag&post=15709"}],"curies":[{"name":"wp","href":"https:\/\/api.w.org\/{rel}","templated":true}]}}