{"id":15697,"date":"2024-07-10T22:53:00","date_gmt":"2024-07-10T22:53:00","guid":{"rendered":"https:\/\/para-pharmacity.tn\/?product=aktiv-maternavit"},"modified":"2025-04-14T12:57:26","modified_gmt":"2025-04-14T12:57:26","slug":"aktiv-maternavit","status":"publish","type":"product","link":"https:\/\/para-pharmacity.tn\/?product=aktiv-maternavit","title":{"rendered":"AKTIV MATERNAVIT"},"content":{"rendered":"<p><span class=\"relative -mx-px my-[-0.2rem] rounded px-px py-[0.2rem] transition-colors duration-100 ease-in-out\"><strong data-start=\"0\" data-end=\"20\" data-is-only-node=\"\">AKTIV MATERNAVIT<\/strong> est un compl\u00e9ment alimentaire d\u00e9velopp\u00e9 par Doppelherz, sp\u00e9cialement con\u00e7u pour accompagner les femmes d\u00e8s leur d\u00e9sir de grossesse, pendant la grossesse et jusqu&rsquo;\u00e0 la fin de l&rsquo;allaitement.<\/span> <span class=\"relative -mx-px my-[-0.2rem] rounded px-px py-[0.2rem] transition-colors duration-100 ease-in-out\">Il fournit un apport \u00e9quilibr\u00e9 en vitamines, min\u00e9raux et acides gras essentiels pour soutenir la sant\u00e9 de la m\u00e8re et le d\u00e9veloppement optimal du b\u00e9b\u00e9.<\/span>\u200b<\/p>\n","protected":false},"excerpt":{"rendered":"<p>AKTIV MATERNAVIT est un compl\u00e9ment alimentaire d\u00e9velopp\u00e9 par Doppelherz, sp\u00e9cialement con\u00e7u pour accompagner les femmes d\u00e8s leur d\u00e9sir de grossesse,<\/p>\n","protected":false},"featured_media":25010,"comment_status":"open","ping_status":"closed","template":"","meta":[],"product_cat":[204],"product_tag":[],"class_list":{"0":"post-15697","1":"product","2":"type-product","3":"status-publish","4":"has-post-thumbnail","6":"product_cat-complement","8":"first","9":"instock","10":"shipping-taxable","11":"purchasable","12":"product-type-simple"},"jetpack_sharing_enabled":true,"_links":{"self":[{"href":"https:\/\/para-pharmacity.tn\/index.php?rest_route=\/wp\/v2\/product\/15697","targetHints":{"allow":["GET"]}}],"collection":[{"href":"https:\/\/para-pharmacity.tn\/index.php?rest_route=\/wp\/v2\/product"}],"about":[{"href":"https:\/\/para-pharmacity.tn\/index.php?rest_route=\/wp\/v2\/types\/product"}],"replies":[{"embeddable":true,"href":"https:\/\/para-pharmacity.tn\/index.php?rest_route=%2Fwp%2Fv2%2Fcomments&post=15697"}],"version-history":[{"count":2,"href":"https:\/\/para-pharmacity.tn\/index.php?rest_route=\/wp\/v2\/product\/15697\/revisions"}],"predecessor-version":[{"id":25011,"href":"https:\/\/para-pharmacity.tn\/index.php?rest_route=\/wp\/v2\/product\/15697\/revisions\/25011"}],"wp:featuredmedia":[{"embeddable":true,"href":"https:\/\/para-pharmacity.tn\/index.php?rest_route=\/wp\/v2\/media\/25010"}],"wp:attachment":[{"href":"https:\/\/para-pharmacity.tn\/index.php?rest_route=%2Fwp%2Fv2%2Fmedia&parent=15697"}],"wp:term":[{"taxonomy":"product_cat","embeddable":true,"href":"https:\/\/para-pharmacity.tn\/index.php?rest_route=%2Fwp%2Fv2%2Fproduct_cat&post=15697"},{"taxonomy":"product_tag","embeddable":true,"href":"https:\/\/para-pharmacity.tn\/index.php?rest_route=%2Fwp%2Fv2%2Fproduct_tag&post=15697"}],"curies":[{"name":"wp","href":"https:\/\/api.w.org\/{rel}","templated":true}]}}