{"id":15685,"date":"2024-07-10T22:52:56","date_gmt":"2024-07-10T22:52:56","guid":{"rendered":"https:\/\/para-pharmacity.tn\/?product=aktiv-artro-dh"},"modified":"2025-04-14T12:46:44","modified_gmt":"2025-04-14T12:46:44","slug":"aktiv-artro-dh","status":"publish","type":"product","link":"https:\/\/para-pharmacity.tn\/?product=aktiv-artro-dh","title":{"rendered":"AKTIV ARTRO DH"},"content":{"rendered":"<p class=\"\" data-start=\"61\" data-end=\"179\"><strong data-start=\"61\" data-end=\"79\">AKTIV ARTRO DH<\/strong><br data-start=\"79\" data-end=\"82\" \/>Compl\u00e9ment alimentaire formul\u00e9 pour le <strong data-start=\"121\" data-end=\"144\">confort articulaire<\/strong> et le <strong data-start=\"151\" data-end=\"178\">maintien de la mobilit\u00e9<\/strong>.<\/p>\n<ul data-start=\"181\" data-end=\"421\">\n<li class=\"\" data-start=\"181\" data-end=\"248\">\n<p class=\"\" data-start=\"183\" data-end=\"248\">Contient du <strong data-start=\"195\" data-end=\"210\">glucosamine<\/strong>, <strong data-start=\"212\" data-end=\"228\">chondro\u00eftine<\/strong>, et <strong data-start=\"233\" data-end=\"246\">vitamines<\/strong><\/p>\n<\/li>\n<li class=\"\" data-start=\"249\" data-end=\"321\">\n<p class=\"\" data-start=\"251\" data-end=\"321\">Aide \u00e0 prot\u00e9ger le cartilage et \u00e0 soulager les douleurs articulaires<\/p>\n<\/li>\n<li class=\"\" data-start=\"322\" data-end=\"379\">\n<p class=\"\" data-start=\"324\" data-end=\"379\">Id\u00e9al en cas de raideurs ou d\u2019usure des articulations<\/p>\n<\/li>\n<li class=\"\" data-start=\"380\" data-end=\"421\">\n<p class=\"\" data-start=\"382\" data-end=\"421\">Convient aux personnes actives ou \u00e2g\u00e9es<\/p>\n<\/li>\n<\/ul>\n","protected":false},"excerpt":{"rendered":"<p>AKTIV ARTRO DHCompl\u00e9ment alimentaire formul\u00e9 pour le confort articulaire et le maintien de la mobilit\u00e9. Contient du glucosamine, chondro\u00eftine, et<\/p>\n","protected":false},"featured_media":25007,"comment_status":"open","ping_status":"closed","template":"","meta":[],"product_cat":[204],"product_tag":[],"class_list":{"0":"post-15685","1":"product","2":"type-product","3":"status-publish","4":"has-post-thumbnail","6":"product_cat-complement","8":"first","9":"instock","10":"shipping-taxable","11":"purchasable","12":"product-type-simple"},"jetpack_sharing_enabled":true,"_links":{"self":[{"href":"https:\/\/para-pharmacity.tn\/index.php?rest_route=\/wp\/v2\/product\/15685","targetHints":{"allow":["GET"]}}],"collection":[{"href":"https:\/\/para-pharmacity.tn\/index.php?rest_route=\/wp\/v2\/product"}],"about":[{"href":"https:\/\/para-pharmacity.tn\/index.php?rest_route=\/wp\/v2\/types\/product"}],"replies":[{"embeddable":true,"href":"https:\/\/para-pharmacity.tn\/index.php?rest_route=%2Fwp%2Fv2%2Fcomments&post=15685"}],"version-history":[{"count":2,"href":"https:\/\/para-pharmacity.tn\/index.php?rest_route=\/wp\/v2\/product\/15685\/revisions"}],"predecessor-version":[{"id":25008,"href":"https:\/\/para-pharmacity.tn\/index.php?rest_route=\/wp\/v2\/product\/15685\/revisions\/25008"}],"wp:featuredmedia":[{"embeddable":true,"href":"https:\/\/para-pharmacity.tn\/index.php?rest_route=\/wp\/v2\/media\/25007"}],"wp:attachment":[{"href":"https:\/\/para-pharmacity.tn\/index.php?rest_route=%2Fwp%2Fv2%2Fmedia&parent=15685"}],"wp:term":[{"taxonomy":"product_cat","embeddable":true,"href":"https:\/\/para-pharmacity.tn\/index.php?rest_route=%2Fwp%2Fv2%2Fproduct_cat&post=15685"},{"taxonomy":"product_tag","embeddable":true,"href":"https:\/\/para-pharmacity.tn\/index.php?rest_route=%2Fwp%2Fv2%2Fproduct_tag&post=15685"}],"curies":[{"name":"wp","href":"https:\/\/api.w.org\/{rel}","templated":true}]}}