{"id":15668,"date":"2024-07-10T22:52:51","date_gmt":"2024-07-10T22:52:51","guid":{"rendered":"https:\/\/para-pharmacity.tn\/?product=vital-vitamine-d3-30-gellules"},"modified":"2025-05-08T10:33:05","modified_gmt":"2025-05-08T10:33:05","slug":"vital-vitamine-d3-30-gellules","status":"publish","type":"product","link":"https:\/\/para-pharmacity.tn\/?product=vital-vitamine-d3-30-gellules","title":{"rendered":"VITAL VITAMINE D3 30 GELLULES"},"content":{"rendered":"<p><strong>Vital Vitamine D3<\/strong>\u00a0est un compl\u00e9ment alimentaire hautement dos\u00e9 en vitamine D3, essentielle pour\u00a0<strong>renforcer votre immunit\u00e9 et pr\u00e9venir les carences<\/strong>. Cette vitamine agit comme un puissant immunostimulant, r\u00e9duisant le risque d&rsquo;infections respiratoires graves et am\u00e9liorant l&rsquo;absorption du calcium pour maintenir des os solides et sains. De plus, elle\u00a0<strong>joue un r\u00f4le crucial dans le bon fonctionnement des muscles<\/strong>.<\/p>\n<h2>Comment \u00e7a marche ?<\/h2>\n<p>La vitamine D3 est particuli\u00e8rement importante car elle est synth\u00e9tis\u00e9e naturellement par notre peau lorsqu&rsquo;elle est expos\u00e9e au soleil. Cependant, de nombreux facteurs tels que la pollution, le manque d&rsquo;exposition au soleil, ou encore l&rsquo;utilisation de cr\u00e8me solaire peuvent entra\u00eener des carences en vitamine D3. C&rsquo;est pourquoi Vital Vitamine D3\u00a0<strong>vous offre un apport optimal en cette vitamine essentielle<\/strong>, pour\u00a0<strong>soutenir votre syst\u00e8me immunitaire et am\u00e9liorer votre sant\u00e9 globale<\/strong>.<\/p>\n<p>En prenant une g\u00e9lule de Vital Vitamine D3 par jour, vous comblez vos besoins en vitamine D3, ce qui peut\u00a0<strong>contribuer \u00e0 r\u00e9duire le risque de diverses maladies et am\u00e9liorer votre bien-\u00eatre g\u00e9n\u00e9ral<\/strong>. Gr\u00e2ce \u00e0 sa formule de haute qualit\u00e9, ce compl\u00e9ment alimentaire est facilement absorb\u00e9 par votre corps, vous assurant un b\u00e9n\u00e9fice maximal.<\/p>\n<p>N&rsquo;h\u00e9sitez pas \u00e0 ajouter Vital Vitamine D3 \u00e0 votre routine quotidienne\u00a0<strong>pour renforcer votre immunit\u00e9<\/strong>, am\u00e9liorer la sant\u00e9 de vos os et muscles, et vous prot\u00e9ger contre les carences en cette vitamine essentielle. Faites le choix de la sant\u00e9 avec Vital Vitamine D3 !<\/p>\n","protected":false},"excerpt":{"rendered":"<p>Vital Vitamine D3 est un compl\u00e9ment alimentaire puissant pour renforcer l&rsquo;immunit\u00e9 et maintenir des os solides. Une g\u00e9lule par jour suffit pour combler vos carences en vitamine D3.<\/p>\n","protected":false},"featured_media":25992,"comment_status":"open","ping_status":"closed","template":"","meta":[],"product_cat":[286],"product_tag":[],"class_list":{"0":"post-15668","1":"product","2":"type-product","3":"status-publish","4":"has-post-thumbnail","6":"product_cat-complement-alimentaire","8":"first","9":"instock","10":"shipping-taxable","11":"purchasable","12":"product-type-simple"},"jetpack_sharing_enabled":true,"_links":{"self":[{"href":"https:\/\/para-pharmacity.tn\/index.php?rest_route=\/wp\/v2\/product\/15668","targetHints":{"allow":["GET"]}}],"collection":[{"href":"https:\/\/para-pharmacity.tn\/index.php?rest_route=\/wp\/v2\/product"}],"about":[{"href":"https:\/\/para-pharmacity.tn\/index.php?rest_route=\/wp\/v2\/types\/product"}],"replies":[{"embeddable":true,"href":"https:\/\/para-pharmacity.tn\/index.php?rest_route=%2Fwp%2Fv2%2Fcomments&post=15668"}],"version-history":[{"count":2,"href":"https:\/\/para-pharmacity.tn\/index.php?rest_route=\/wp\/v2\/product\/15668\/revisions"}],"predecessor-version":[{"id":25993,"href":"https:\/\/para-pharmacity.tn\/index.php?rest_route=\/wp\/v2\/product\/15668\/revisions\/25993"}],"wp:featuredmedia":[{"embeddable":true,"href":"https:\/\/para-pharmacity.tn\/index.php?rest_route=\/wp\/v2\/media\/25992"}],"wp:attachment":[{"href":"https:\/\/para-pharmacity.tn\/index.php?rest_route=%2Fwp%2Fv2%2Fmedia&parent=15668"}],"wp:term":[{"taxonomy":"product_cat","embeddable":true,"href":"https:\/\/para-pharmacity.tn\/index.php?rest_route=%2Fwp%2Fv2%2Fproduct_cat&post=15668"},{"taxonomy":"product_tag","embeddable":true,"href":"https:\/\/para-pharmacity.tn\/index.php?rest_route=%2Fwp%2Fv2%2Fproduct_tag&post=15668"}],"curies":[{"name":"wp","href":"https:\/\/api.w.org\/{rel}","templated":true}]}}