{"id":15645,"date":"2024-07-10T22:52:43","date_gmt":"2024-07-10T22:52:43","guid":{"rendered":"https:\/\/para-pharmacity.tn\/?product=verifine-6-aig-stylo-31g6-b-50"},"modified":"2025-05-29T12:59:15","modified_gmt":"2025-05-29T12:59:15","slug":"verifine-6-aig-stylo-31g6-b-50","status":"publish","type":"product","link":"https:\/\/para-pharmacity.tn\/?product=verifine-6-aig-stylo-31g6-b-50","title":{"rendered":"VERIFINE 6 AIG STYLO 31G*6 B\/50"},"content":{"rendered":"<section id=\"wrapper\">\n<div id=\"inner-wrapper\" class=\"container\">\n<div id=\"content-wrapper\" class=\"js-content-wrapper\">\n<section id=\"main\">\n<div id=\"main-product-wrapper\" class=\"product-container js-product-container\">\n<div class=\"tabs product-tabs\">\n<div id=\"product-infos-tabs-content\" class=\"tab-content\">\n<div id=\"description\" class=\"tab-pane in active\">\n<div class=\"product-description\">\n<div class=\"rte-content\">\n<p>Il s&rsquo;agit d&rsquo;une nouvelle aiguille de technologie SuperStick, con\u00e7ue pour des injections d&rsquo;insuline indolores. Avec un diam\u00e8tre ext\u00e9rieur exceptionnellement fin et des parois plus minces, elle est triple aiguis\u00e9e pour faciliter la p\u00e9n\u00e9tration de la peau tout en minimisant la douleur.<\/p>\n<p>L&#8217;embout de la cartouche est lubrifi\u00e9 pour \u00e9viter le frottement, garantissant une perforation ais\u00e9e et sans r\u00e9sidu, ce qui pr\u00e9vient toute contamination de l&rsquo;insuline. Ce lubrifiant favorise \u00e9galement une insertion plus douce, un \u00e9coulement fluide dans la peau et une r\u00e9duction globale de la douleur. De plus, l&rsquo;aiguille est sans pyrog\u00e8ne et non toxique.<\/p>\n<\/div>\n<\/div>\n<\/div>\n<\/div>\n<\/div>\n<\/div>\n<\/section>\n<\/div>\n<\/div>\n<\/section>\n","protected":false},"excerpt":{"rendered":"<p>Les aiguilles pour stylo\u00a0 \u00e0 insuline Verifine sont le produit de la plus haute qualit\u00e9 pour les diab\u00e9tiques.<\/p>\n","protected":false},"featured_media":26417,"comment_status":"open","ping_status":"closed","template":"","meta":[],"product_cat":[230],"product_tag":[],"class_list":{"0":"post-15645","1":"product","2":"type-product","3":"status-publish","4":"has-post-thumbnail","6":"product_cat-hygiene","8":"first","9":"instock","10":"shipping-taxable","11":"purchasable","12":"product-type-simple"},"jetpack_sharing_enabled":true,"_links":{"self":[{"href":"https:\/\/para-pharmacity.tn\/index.php?rest_route=\/wp\/v2\/product\/15645","targetHints":{"allow":["GET"]}}],"collection":[{"href":"https:\/\/para-pharmacity.tn\/index.php?rest_route=\/wp\/v2\/product"}],"about":[{"href":"https:\/\/para-pharmacity.tn\/index.php?rest_route=\/wp\/v2\/types\/product"}],"replies":[{"embeddable":true,"href":"https:\/\/para-pharmacity.tn\/index.php?rest_route=%2Fwp%2Fv2%2Fcomments&post=15645"}],"version-history":[{"count":3,"href":"https:\/\/para-pharmacity.tn\/index.php?rest_route=\/wp\/v2\/product\/15645\/revisions"}],"predecessor-version":[{"id":26418,"href":"https:\/\/para-pharmacity.tn\/index.php?rest_route=\/wp\/v2\/product\/15645\/revisions\/26418"}],"wp:featuredmedia":[{"embeddable":true,"href":"https:\/\/para-pharmacity.tn\/index.php?rest_route=\/wp\/v2\/media\/26417"}],"wp:attachment":[{"href":"https:\/\/para-pharmacity.tn\/index.php?rest_route=%2Fwp%2Fv2%2Fmedia&parent=15645"}],"wp:term":[{"taxonomy":"product_cat","embeddable":true,"href":"https:\/\/para-pharmacity.tn\/index.php?rest_route=%2Fwp%2Fv2%2Fproduct_cat&post=15645"},{"taxonomy":"product_tag","embeddable":true,"href":"https:\/\/para-pharmacity.tn\/index.php?rest_route=%2Fwp%2Fv2%2Fproduct_tag&post=15645"}],"curies":[{"name":"wp","href":"https:\/\/api.w.org\/{rel}","templated":true}]}}